{"id":556,"date":"2020-11-02T16:32:58","date_gmt":"2020-11-02T16:32:58","guid":{"rendered":"https:\/\/www.acadianseaplants.com\/?page_id=556"},"modified":"2021-01-21T21:11:22","modified_gmt":"2021-01-21T21:11:22","slug":"nous-contacter","status":"publish","type":"page","link":"https:\/\/www.acadianseaplants.com\/fr\/nous-contacter\/","title":{"rendered":"Nous Contacter"},"content":{"rendered":"<p>[vc_row el_id=\u00a0\u00bbsub_banner\u00a0\u00bb css=\u00a0\u00bb.vc_custom_1596059757366{background-image: url(https:\/\/acadianseaplants.com\/wp-content\/uploads\/2020\/07\/contact-us-web.jpg?id=426) !important;}\u00a0\u00bb][vc_column][vc_column_text]<\/p>\n<h1>Contactez-nous<\/h1>\n<p>[\/vc_column_text][\/vc_column][\/vc_row][vc_row el_class=\u00a0\u00bbblue-message\u00a0\u00bb][vc_column][vc_row_inner][vc_column_inner width=\u00a0\u00bb1\/2&Prime;][vc_column_text]<\/p>\n<h2><span style=\"color: #ffffff;\">Vous voulez savoir comment Les Algues Acadiennes soutiennent votre vision?<\/span><\/h2>\n<p>[\/vc_column_text][\/vc_column_inner][vc_column_inner width=\u00a0\u00bb1\/2&Prime;][vc_column_text][\/vc_column_text][vc_column_text]Nous sommes anim\u00e9s par un esprit scientifique et curieux de nature. Nous sommes aussi heureux d\u2019\u00e9changer nos connaissances avec d\u2019autres! \u00a0Nous sommes pr\u00eats \u00e0 r\u00e9pondre \u00e0 vos questions sur nos produits, nos pratiques durables, la recherche scientifique, les partenariats communautaires ou tout autre sujet qui vous vient \u00e0 l\u2019esprit.[\/vc_column_text][\/vc_column_inner][\/vc_row_inner][\/vc_column][\/vc_row][vc_row][vc_column][vc_row_inner el_class=\u00a0\u00bbcontent-max\u00a0\u00bb][vc_column_inner][vc_empty_space][vc_empty_space][vc_column_text]<\/p>\n<h2>Remplissez le formulaire ci-dessous et d\u00e9couvrez comment Les Algues Acadiennes peuvent vous aider :<\/h2>\n<p>[\/vc_column_text][vc_empty_space][vc_column_text]\n<div class=\"wpcf7 no-js\" id=\"wpcf7-f554-o1\" lang=\"en-US\" dir=\"ltr\" data-wpcf7-id=\"554\">\n<div class=\"screen-reader-response\"><p role=\"status\" aria-live=\"polite\" aria-atomic=\"true\"><\/p> <ul><\/ul><\/div>\n<form action=\"\/fr\/wp-json\/wp\/v2\/pages\/556#wpcf7-f554-o1\" method=\"post\" class=\"wpcf7-form init\" aria-label=\"Contact form\" novalidate=\"novalidate\" data-status=\"init\">\n<fieldset class=\"hidden-fields-container\"><input type=\"hidden\" name=\"_wpcf7\" value=\"554\" \/><input type=\"hidden\" name=\"_wpcf7_version\" value=\"6.1.5\" \/><input type=\"hidden\" name=\"_wpcf7_locale\" value=\"en_US\" \/><input type=\"hidden\" name=\"_wpcf7_unit_tag\" value=\"wpcf7-f554-o1\" \/><input type=\"hidden\" name=\"_wpcf7_container_post\" value=\"0\" \/><input type=\"hidden\" name=\"_wpcf7_posted_data_hash\" value=\"\" \/><input type=\"hidden\" name=\"_wpcf7_recaptcha_response\" value=\"\" \/>\n<\/fieldset>\n<p><label> Votre nom (obligatoire)<br \/>\n<span class=\"wpcf7-form-control-wrap\" data-name=\"your-name\"><input size=\"40\" maxlength=\"400\" class=\"wpcf7-form-control wpcf7-text wpcf7-validates-as-required\" aria-required=\"true\" aria-invalid=\"false\" value=\"\" type=\"text\" name=\"your-name\" \/><\/span> <\/label>\n<\/p>\n<p><label> Votre adresse \u00e9lectronique (required)<br \/>\n<span class=\"wpcf7-form-control-wrap\" data-name=\"your-email\"><input size=\"40\" maxlength=\"400\" class=\"wpcf7-form-control wpcf7-email wpcf7-validates-as-required wpcf7-text wpcf7-validates-as-email\" aria-required=\"true\" aria-invalid=\"false\" value=\"\" type=\"email\" name=\"your-email\" \/><\/span> <\/label>\n<\/p>\n<p><label> Qu\u2019est-ce qui vous int\u00e9resse? (obligatoire)<br \/>\n<span class=\"wpcf7-form-control-wrap\" data-name=\"menu-332\"><select class=\"wpcf7-form-control wpcf7-select\" aria-invalid=\"false\" name=\"menu-332\"><option value=\"\">&#8212;Please choose an option&#8212;<\/option><option value=\"Renseignements sur l\u2019entreprise\">Renseignements sur l\u2019entreprise<\/option><option value=\"Produits pour les plantes\">Produits pour les plantes<\/option><option value=\"Produits pour les animaux\">Produits pour les animaux<\/option><option value=\"Produits pour les humains\">Produits pour les humains<\/option><\/select><\/span><\/label>\n<\/p>\n<p><label> Objet<br \/>\n<span class=\"wpcf7-form-control-wrap\" data-name=\"your-subject\"><input size=\"40\" maxlength=\"400\" class=\"wpcf7-form-control wpcf7-text\" aria-invalid=\"false\" value=\"\" type=\"text\" name=\"your-subject\" \/><\/span> <\/label>\n<\/p>\n<p><label> Votre message<br \/>\n<span class=\"wpcf7-form-control-wrap\" data-name=\"your-message\"><textarea cols=\"40\" rows=\"10\" maxlength=\"2000\" class=\"wpcf7-form-control wpcf7-textarea\" aria-invalid=\"false\" name=\"your-message\"><\/textarea><\/span> <\/label>\n<\/p>\n<p><input class=\"wpcf7-form-control wpcf7-submit has-spinner\" type=\"submit\" value=\"Soumettre\" \/>\n<\/p><div class=\"wpcf7-response-output\" aria-hidden=\"true\"><\/div>\n<\/form>\n<\/div>\n[\/vc_column_text][vc_empty_space][\/vc_column_inner][\/vc_row_inner][\/vc_column][\/vc_row][vc_row][vc_column][vc_gmaps link=\u00a0\u00bb#E-8_JTA5JTNDaWZyYW1lJTIwc3JjJTNEJTIyaHR0cHMlM0ElMkYlMkZ3d3cuZ29vZ2xlLmNvbSUyRm1hcHMlMkZlbWJlZCUzRnBiJTNEJTIxMW0xOCUyMTFtMTIlMjExbTMlMjExZDI4MzYuMTQ2OTY0MDc4MDk0JTIxMmQtNjMuNTk3NzY4Nzg0MjUyMDA0JTIxM2Q0NC42OTYxOTgzOTIzNzgwMiUyMTJtMyUyMTFmMCUyMTJmMCUyMTNmMCUyMTNtMiUyMTFpMTAyNCUyMTJpNzY4JTIxNGYxMy4xJTIxM20zJTIxMW0yJTIxMXMweDRiNWEyNmQxODg2Zjg4MGIlMjUzQTB4ZTU3MmQ5NDhhMDE2MjVhMCUyMTJzMzAlMjUyMEJyb3duJTI1MjBBdmUlMjUyQyUyNTIwRGFydG1vdXRoJTI1MkMlMjUyME5TJTI1MjBCM0IlMjUyMDFYOCUyNTJDJTI1MjBDYW5hZGElMjE1ZTAlMjEzbTIlMjExc2VuJTIxMnN1cyUyMTR2MTU5NDA2MjAzMDQ1MSUyMTVtMiUyMTFzZW4lMjEyc3VzJTIyJTIwd2lkdGglM0QlMjI2MDAlMjIlMjBoZWlnaHQlM0QlMjI0NTAlMjIlMjBmcmFtZWJvcmRlciUzRCUyMjAlMjIlMjBzdHlsZSUzRCUyMmJvcmRlciUzQTAlM0IlMjIlMjBhbGxvd2Z1bGxzY3JlZW4lM0QlMjIlMjIlMjBhcmlhLWhpZGRlbiUzRCUyMmZhbHNlJTIyJTIwdGFiaW5kZXglM0QlMjIwJTIyJTNFJTNDJTJGaWZyYW1lJTNF\u00a0\u00bb][\/vc_column][\/vc_row]<\/p>\n","protected":false},"excerpt":{"rendered":"<p>[vc_row el_id=\u00a0\u00bbsub_banner\u00a0\u00bb css=\u00a0\u00bb.vc_custom_1596059757366{background-image: url(https:\/\/acadianseaplants.com\/wp-content\/uploads\/2020\/07\/contact-us-web.jpg?id=426) !important;}\u00a0\u00bb][vc_column][vc_column_text] Contactez-nous [\/vc_column_text][\/vc_column][\/vc_row][vc_row el_class=\u00a0\u00bbblue-message\u00a0\u00bb][vc_column][vc_row_inner][vc_column_inner width=\u00a0\u00bb1\/2&Prime;][vc_column_text] Vous voulez savoir comment Les Algues Acadiennes soutiennent votre vision? [\/vc_column_text][\/vc_column_inner][vc_column_inner width=\u00a0\u00bb1\/2&Prime;][vc_column_text][\/vc_column_text][vc_column_text]Nous sommes anim\u00e9s par un esprit scientifique et curieux de nature. Nous sommes aussi heureux d\u2019\u00e9changer nos connaissances avec d\u2019autres! \u00a0Nous sommes pr\u00eats \u00e0 r\u00e9pondre \u00e0 vos questions sur nos produits, nos pratiques durables, la [&hellip;]<\/p>\n","protected":false},"author":2,"featured_media":0,"parent":0,"menu_order":0,"comment_status":"closed","ping_status":"closed","template":"","meta":{"footnotes":""},"class_list":["post-556","page","type-page","status-publish","hentry"],"yoast_head":"<!-- This site is optimized with the Yoast SEO plugin v27.4 - https:\/\/yoast.com\/product\/yoast-seo-wordpress\/ -->\n<title>Contactez-nous - Algues Acadiennes<\/title>\n<meta name=\"robots\" content=\"index, follow, max-snippet:-1, max-image-preview:large, max-video-preview:-1\" \/>\n<link rel=\"canonical\" href=\"https:\/\/www.acadianseaplants.com\/fr\/nous-contacter\/\" \/>\n<meta property=\"og:locale\" content=\"fr_FR\" \/>\n<meta property=\"og:type\" content=\"article\" \/>\n<meta property=\"og:title\" content=\"Contactez-nous - Algues Acadiennes\" \/>\n<meta property=\"og:description\" content=\"[vc_row el_id=\u00a0\u00bbsub_banner\u00a0\u00bb css=\u00a0\u00bb.vc_custom_1596059757366{background-image: url(https:\/\/acadianseaplants.com\/wp-content\/uploads\/2020\/07\/contact-us-web.jpg?id=426) !important;}\u00a0\u00bb][vc_column][vc_column_text] Contactez-nous [\/vc_column_text][\/vc_column][\/vc_row][vc_row el_class=\u00a0\u00bbblue-message\u00a0\u00bb][vc_column][vc_row_inner][vc_column_inner width=\u00a0\u00bb1\/2&Prime;][vc_column_text] Vous voulez savoir comment Les Algues Acadiennes soutiennent votre vision? [\/vc_column_text][\/vc_column_inner][vc_column_inner width=\u00a0\u00bb1\/2&Prime;][vc_column_text][\/vc_column_text][vc_column_text]Nous sommes anim\u00e9s par un esprit scientifique et curieux de nature. Nous sommes aussi heureux d\u2019\u00e9changer nos connaissances avec d\u2019autres! \u00a0Nous sommes pr\u00eats \u00e0 r\u00e9pondre \u00e0 vos questions sur nos produits, nos pratiques durables, la [&hellip;]\" \/>\n<meta property=\"og:url\" content=\"https:\/\/www.acadianseaplants.com\/fr\/nous-contacter\/\" \/>\n<meta property=\"og:site_name\" content=\"Acadian Seaplants Limited\" \/>\n<meta property=\"article:modified_time\" content=\"2021-01-21T21:11:22+00:00\" \/>\n<meta name=\"twitter:card\" content=\"summary_large_image\" \/>\n<meta name=\"twitter:label1\" content=\"Dur\u00e9e de lecture estim\u00e9e\" \/>\n\t<meta name=\"twitter:data1\" content=\"1 minute\" \/>\n<script type=\"application\/ld+json\" class=\"yoast-schema-graph\">{\"@context\":\"https:\\\/\\\/schema.org\",\"@graph\":[{\"@type\":\"WebPage\",\"@id\":\"https:\\\/\\\/www.acadianseaplants.com\\\/fr\\\/nous-contacter\\\/\",\"url\":\"https:\\\/\\\/www.acadianseaplants.com\\\/fr\\\/nous-contacter\\\/\",\"name\":\"Contactez-nous - Algues Acadiennes\",\"isPartOf\":{\"@id\":\"https:\\\/\\\/www.acadianseaplants.com\\\/#website\"},\"datePublished\":\"2020-11-02T16:32:58+00:00\",\"dateModified\":\"2021-01-21T21:11:22+00:00\",\"breadcrumb\":{\"@id\":\"https:\\\/\\\/www.acadianseaplants.com\\\/fr\\\/nous-contacter\\\/#breadcrumb\"},\"inLanguage\":\"fr-FR\",\"potentialAction\":[{\"@type\":\"ReadAction\",\"target\":[\"https:\\\/\\\/www.acadianseaplants.com\\\/fr\\\/nous-contacter\\\/\"]}]},{\"@type\":\"BreadcrumbList\",\"@id\":\"https:\\\/\\\/www.acadianseaplants.com\\\/fr\\\/nous-contacter\\\/#breadcrumb\",\"itemListElement\":[{\"@type\":\"ListItem\",\"position\":1,\"name\":\"Home\",\"item\":\"https:\\\/\\\/www.acadianseaplants.com\\\/fr\\\/\"},{\"@type\":\"ListItem\",\"position\":2,\"name\":\"Nous Contacter\"}]},{\"@type\":\"WebSite\",\"@id\":\"https:\\\/\\\/www.acadianseaplants.com\\\/#website\",\"url\":\"https:\\\/\\\/www.acadianseaplants.com\\\/\",\"name\":\"Acadian Seaplants Limited\",\"description\":\"Plant Products for People, Animal, and Plants\",\"publisher\":{\"@id\":\"https:\\\/\\\/www.acadianseaplants.com\\\/#organization\"},\"potentialAction\":[{\"@type\":\"SearchAction\",\"target\":{\"@type\":\"EntryPoint\",\"urlTemplate\":\"https:\\\/\\\/www.acadianseaplants.com\\\/?s={search_term_string}\"},\"query-input\":{\"@type\":\"PropertyValueSpecification\",\"valueRequired\":true,\"valueName\":\"search_term_string\"}}],\"inLanguage\":\"fr-FR\"},{\"@type\":\"Organization\",\"@id\":\"https:\\\/\\\/www.acadianseaplants.com\\\/#organization\",\"name\":\"Acadian Seaplants\",\"url\":\"https:\\\/\\\/www.acadianseaplants.com\\\/\",\"logo\":{\"@type\":\"ImageObject\",\"inLanguage\":\"fr-FR\",\"@id\":\"https:\\\/\\\/www.acadianseaplants.com\\\/#\\\/schema\\\/logo\\\/image\\\/\",\"url\":\"https:\\\/\\\/www.acadianseaplants.com\\\/wp-content\\\/uploads\\\/2020\\\/05\\\/Acadian-Seaplants-Logo.png\",\"contentUrl\":\"https:\\\/\\\/www.acadianseaplants.com\\\/wp-content\\\/uploads\\\/2020\\\/05\\\/Acadian-Seaplants-Logo.png\",\"width\":466,\"height\":130,\"caption\":\"Acadian Seaplants\"},\"image\":{\"@id\":\"https:\\\/\\\/www.acadianseaplants.com\\\/#\\\/schema\\\/logo\\\/image\\\/\"}}]}<\/script>\n<!-- \/ Yoast SEO plugin. -->","yoast_head_json":{"title":"Contactez-nous - Algues Acadiennes","robots":{"index":"index","follow":"follow","max-snippet":"max-snippet:-1","max-image-preview":"max-image-preview:large","max-video-preview":"max-video-preview:-1"},"canonical":"https:\/\/www.acadianseaplants.com\/fr\/nous-contacter\/","og_locale":"fr_FR","og_type":"article","og_title":"Contactez-nous - Algues Acadiennes","og_description":"[vc_row el_id=\u00a0\u00bbsub_banner\u00a0\u00bb css=\u00a0\u00bb.vc_custom_1596059757366{background-image: url(https:\/\/acadianseaplants.com\/wp-content\/uploads\/2020\/07\/contact-us-web.jpg?id=426) !important;}\u00a0\u00bb][vc_column][vc_column_text] Contactez-nous [\/vc_column_text][\/vc_column][\/vc_row][vc_row el_class=\u00a0\u00bbblue-message\u00a0\u00bb][vc_column][vc_row_inner][vc_column_inner width=\u00a0\u00bb1\/2&Prime;][vc_column_text] Vous voulez savoir comment Les Algues Acadiennes soutiennent votre vision? [\/vc_column_text][\/vc_column_inner][vc_column_inner width=\u00a0\u00bb1\/2&Prime;][vc_column_text][\/vc_column_text][vc_column_text]Nous sommes anim\u00e9s par un esprit scientifique et curieux de nature. Nous sommes aussi heureux d\u2019\u00e9changer nos connaissances avec d\u2019autres! \u00a0Nous sommes pr\u00eats \u00e0 r\u00e9pondre \u00e0 vos questions sur nos produits, nos pratiques durables, la [&hellip;]","og_url":"https:\/\/www.acadianseaplants.com\/fr\/nous-contacter\/","og_site_name":"Acadian Seaplants Limited","article_modified_time":"2021-01-21T21:11:22+00:00","twitter_card":"summary_large_image","twitter_misc":{"Dur\u00e9e de lecture estim\u00e9e":"1 minute"},"schema":{"@context":"https:\/\/schema.org","@graph":[{"@type":"WebPage","@id":"https:\/\/www.acadianseaplants.com\/fr\/nous-contacter\/","url":"https:\/\/www.acadianseaplants.com\/fr\/nous-contacter\/","name":"Contactez-nous - Algues Acadiennes","isPartOf":{"@id":"https:\/\/www.acadianseaplants.com\/#website"},"datePublished":"2020-11-02T16:32:58+00:00","dateModified":"2021-01-21T21:11:22+00:00","breadcrumb":{"@id":"https:\/\/www.acadianseaplants.com\/fr\/nous-contacter\/#breadcrumb"},"inLanguage":"fr-FR","potentialAction":[{"@type":"ReadAction","target":["https:\/\/www.acadianseaplants.com\/fr\/nous-contacter\/"]}]},{"@type":"BreadcrumbList","@id":"https:\/\/www.acadianseaplants.com\/fr\/nous-contacter\/#breadcrumb","itemListElement":[{"@type":"ListItem","position":1,"name":"Home","item":"https:\/\/www.acadianseaplants.com\/fr\/"},{"@type":"ListItem","position":2,"name":"Nous Contacter"}]},{"@type":"WebSite","@id":"https:\/\/www.acadianseaplants.com\/#website","url":"https:\/\/www.acadianseaplants.com\/","name":"Acadian Seaplants Limited","description":"Plant Products for People, Animal, and Plants","publisher":{"@id":"https:\/\/www.acadianseaplants.com\/#organization"},"potentialAction":[{"@type":"SearchAction","target":{"@type":"EntryPoint","urlTemplate":"https:\/\/www.acadianseaplants.com\/?s={search_term_string}"},"query-input":{"@type":"PropertyValueSpecification","valueRequired":true,"valueName":"search_term_string"}}],"inLanguage":"fr-FR"},{"@type":"Organization","@id":"https:\/\/www.acadianseaplants.com\/#organization","name":"Acadian Seaplants","url":"https:\/\/www.acadianseaplants.com\/","logo":{"@type":"ImageObject","inLanguage":"fr-FR","@id":"https:\/\/www.acadianseaplants.com\/#\/schema\/logo\/image\/","url":"https:\/\/www.acadianseaplants.com\/wp-content\/uploads\/2020\/05\/Acadian-Seaplants-Logo.png","contentUrl":"https:\/\/www.acadianseaplants.com\/wp-content\/uploads\/2020\/05\/Acadian-Seaplants-Logo.png","width":466,"height":130,"caption":"Acadian Seaplants"},"image":{"@id":"https:\/\/www.acadianseaplants.com\/#\/schema\/logo\/image\/"}}]}},"_links":{"self":[{"href":"https:\/\/www.acadianseaplants.com\/fr\/wp-json\/wp\/v2\/pages\/556","targetHints":{"allow":["GET"]}}],"collection":[{"href":"https:\/\/www.acadianseaplants.com\/fr\/wp-json\/wp\/v2\/pages"}],"about":[{"href":"https:\/\/www.acadianseaplants.com\/fr\/wp-json\/wp\/v2\/types\/page"}],"author":[{"embeddable":true,"href":"https:\/\/www.acadianseaplants.com\/fr\/wp-json\/wp\/v2\/users\/2"}],"replies":[{"embeddable":true,"href":"https:\/\/www.acadianseaplants.com\/fr\/wp-json\/wp\/v2\/comments?post=556"}],"version-history":[{"count":0,"href":"https:\/\/www.acadianseaplants.com\/fr\/wp-json\/wp\/v2\/pages\/556\/revisions"}],"wp:attachment":[{"href":"https:\/\/www.acadianseaplants.com\/fr\/wp-json\/wp\/v2\/media?parent=556"}],"curies":[{"name":"wp","href":"https:\/\/api.w.org\/{rel}","templated":true}]}}