{"id":567,"date":"2020-12-07T21:45:02","date_gmt":"2020-12-07T21:45:02","guid":{"rendered":"http:\/\/www.acadianseaplants.com\/?page_id=567"},"modified":"2026-02-04T15:25:25","modified_gmt":"2026-02-04T22:25:25","slug":"notre-approche","status":"publish","type":"page","link":"https:\/\/www.acadianseaplants.com\/fr\/notre-approche\/","title":{"rendered":"Our Approach &#8211; French"},"content":{"rendered":"<p>[vc_row el_id=\u00a0\u00bbsub_banner\u00a0\u00bb css=\u00a0\u00bb.vc_custom_1769204055855{background-image: url(https:\/\/www.acadianseaplants.com\/wp-content\/uploads\/2026\/01\/ASL-Website-Hero-Images-3.png?id=1571) !important;}\u00a0\u00bb][vc_column][vc_column_text]<\/p>\n<h1>Notre approche<\/h1>\n<div id=\"gtx-trans\" style=\"position: absolute; left: -54px; top: 38px;\">\n<div class=\"gtx-trans-icon\"><\/div>\n<\/div>\n<p>[\/vc_column_text][\/vc_column][\/vc_row][vc_row el_class=\u00a0\u00bbblue-message\u00a0\u00bb][vc_column][vc_row_inner][vc_column_inner width=\u00a0\u00bb1\/2&Prime;][vc_column_text]<\/p>\n<h2><span style=\"color: #ffffff;\">De la mer \u00e0 des solutions fond\u00e9es sur la science.<\/span><\/h2>\n<p>[\/vc_column_text][\/vc_column_inner][vc_column_inner width=\u00a0\u00bb1\/2&Prime;][vc_column_text]Acadian Seaplants est un chef de file mondial de la science et de l\u2019innovation li\u00e9es aux algues. \u00c9tablie dans le Canada atlantique, l\u2019entreprise transforme des algues r\u00e9colt\u00e9es et cultiv\u00e9es de fa\u00e7on durable en ingr\u00e9dients \u00e0 haute valeur ajout\u00e9e qui contribuent \u00e0 la sant\u00e9 des plantes, au bien-\u00eatre animal et \u00e0 la sant\u00e9 humaine.<\/p>\n<p>Ce qui a d\u00e9but\u00e9 comme une vision visant \u00e0 exploiter de mani\u00e8re responsable le potentiel de l\u2019oc\u00e9an est devenu une entreprise guid\u00e9e par sa raison d\u2019\u00eatre, offrant des solutions \u00e9prouv\u00e9es et durables dans plus de 80 pays.[\/vc_column_text][vc_empty_space][\/vc_column_inner][\/vc_row_inner][\/vc_column][\/vc_row][vc_row el_class=\u00a0\u00bbtwo-col-img-left\u00a0\u00bb][vc_column width=\u00a0\u00bb1\/2&Prime; css=\u00a0\u00bb.vc_custom_1588717052626{padding-right: 30px !important;background-position: center !important;background-repeat: no-repeat !important;background-size: cover !important;}\u00a0\u00bb][vc_single_image image=\u00a0\u00bb1561&Prime; img_size=\u00a0\u00bbfull\u00a0\u00bb][\/vc_column][vc_column width=\u00a0\u00bb1\/2&Prime; el_class=\u00a0\u00bbafter-message\u00a0\u00bb][vc_column_text]<\/p>\n<h2>Propuls\u00e9s par la science. Guid\u00e9s par notre raison d\u2019\u00eatre.<\/h2>\n<p>La science est au c\u0153ur de tout ce que nous faisons. \u00c0 travers notre r\u00e9seau mondial de recherche, nous \u00e9tudions le pouvoir bioactif des algues et la fa\u00e7on dont il peut am\u00e9liorer la sant\u00e9 et la performance des plantes, des animaux et des personnes.<br \/>\nNos \u00e9quipes multidisciplinaires combinent des d\u00e9cennies d\u2019expertise en biologie marine, en agronomie et en biotechnologie afin de faire progresser l\u2019innovation de fa\u00e7on responsable \u2014 en transformant la d\u00e9couverte scientifique en retomb\u00e9es concr\u00e8tes.[\/vc_column_text][vc_empty_space][vc_column_text el_class=\u00a0\u00bbcustom-button\u00a0\u00bb]<a href=\"\/fr\/recherche-et-developpement\/\">En savoir plus sur notre R&amp;D<\/a><\/p>\n<div id=\"gtx-trans\" style=\"position: absolute; left: -67px; top: -10px;\">\n<div class=\"gtx-trans-icon\"><\/div>\n<\/div>\n<p>[\/vc_column_text][\/vc_column][\/vc_row][vc_row equal_height=\u00a0\u00bbyes\u00a0\u00bb content_placement=\u00a0\u00bbmiddle\u00a0\u00bb el_class=\u00a0\u00bbtwo-col-img-right\u00a0\u00bb][vc_column width=\u00a0\u00bb1\/2&Prime;][vc_column_text]<\/p>\n<h2>La durabilit\u00e9 fait partie de notre ADN.<\/h2>\n<p>De la gestion responsable des oc\u00e9ans \u00e0 la livraison de nos produits, la durabilit\u00e9 n\u2019est pas une initiative \u2014 elle constitue notre fondement.<\/p>\n<p>Nous appliquons des normes environnementales rigoureuses tout au long des \u00e9tapes de r\u00e9colte, de culture et de transformation afin d\u2019assurer la p\u00e9rennit\u00e9 des \u00e9cosyst\u00e8mes marins et la fiabilit\u00e9 de nos produits. Chaque maillon de notre cha\u00eene de valeur refl\u00e8te notre engagement envers la performance, la responsabilit\u00e9 et la transparence.[\/vc_column_text][vc_column_text el_class=\u00a0\u00bbcustom-button\u00a0\u00bb]<a href=\"\/fr\/assurance-de-la-qualite\/\">D\u00e9couvrez notre engagement envers la qualit\u00e9<\/a>[\/vc_column_text][\/vc_column][vc_column width=\u00a0\u00bb1\/2&Prime; css=\u00a0\u00bb.vc_custom_1769189285558{background-image: url(https:\/\/www.acadianseaplants.com\/wp-content\/uploads\/2026\/01\/Sustainability-image.jpg?id=1551) !important;background-position: center !important;background-repeat: no-repeat !important;background-size: cover !important;}\u00a0\u00bb][\/vc_column][\/vc_row][vc_row el_class=\u00a0\u00bbtwo-col-img-left\u00a0\u00bb][vc_column width=\u00a0\u00bb1\/2&Prime; css=\u00a0\u00bb.vc_custom_1588717052626{padding-right: 30px !important;background-position: center !important;background-repeat: no-repeat !important;background-size: cover !important;}\u00a0\u00bb][vc_single_image image=\u00a0\u00bb1495&Prime; img_size=\u00a0\u00bbfull\u00a0\u00bb][\/vc_column][vc_column width=\u00a0\u00bb1\/2&Prime; el_class=\u00a0\u00bbafter-message\u00a0\u00bb][vc_column_text]<\/p>\n<h2>Donner aux personnes les moyens d\u2019avoir un impact mondial.<\/h2>\n<p>Notre force r\u00e9side dans nos \u00e9quipes \u2014 des innovateurs passionn\u00e9s qui croient au pouvoir de la science et de la durabilit\u00e9 pour transformer le monde. \u00c0 travers les continents et les disciplines, nos collaborateurs sont unis par un objectif commun : lib\u00e9rer le potentiel des algues au service d\u2019une plan\u00e8te en meilleure sant\u00e9.<\/p>\n<p>Joignez-vous \u00e0 une entreprise o\u00f9 vos id\u00e9es contribuent directement \u00e0 l\u2019avancement de solutions durables \u00e0 l\u2019\u00e9chelle mondiale.[\/vc_column_text][vc_empty_space][vc_column_text el_class=\u00a0\u00bbcustom-button\u00a0\u00bb]<a href=\"https:\/\/www.acadianseaplants.com\/fr\/carrieres\/\">D\u00e9couvrez les carri\u00e8res chez Acadian Seaplants<\/a><\/p>\n<div id=\"gtx-trans\" style=\"position: absolute; left: -89px; top: 38px;\">\n<div class=\"gtx-trans-icon\"><\/div>\n<\/div>\n<p>[\/vc_column_text][\/vc_column][\/vc_row][vc_row equal_height=\u00a0\u00bbyes\u00a0\u00bb content_placement=\u00a0\u00bbmiddle\u00a0\u00bb el_class=\u00a0\u00bbtwo-col-img-right\u00a0\u00bb][vc_column width=\u00a0\u00bb1\/2&Prime;][vc_column_text]<\/p>\n<h2>Innover \u00e0 grande \u00e9chelle pour offrir l\u2019excellence.<\/h2>\n<p>Nous investissons continuellement dans la technologie, l\u2019automatisation et l\u2019am\u00e9lioration des processus afin d\u2019assurer la pr\u00e9cision et la qualit\u00e9 de chaque produit que nous livrons. Nos syst\u00e8mes de fabrication int\u00e9gr\u00e9s et nos op\u00e9rations mondiales illustrent notre volont\u00e9 de conjuguer performance et durabilit\u00e9 \u2014 d\u00e9montrant que l\u2019innovation et la responsabilit\u00e9 environnementale peuvent progresser de concert.[\/vc_column_text][vc_column_text el_class=\u00a0\u00bbcustom-button\u00a0\u00bb]<a href=\"\/fr\/operations-de-fabrication\/\">D\u00e9couvrez comment nous fabriquons avec intention<\/a><\/p>\n<div id=\"gtx-trans\" style=\"position: absolute; left: -161px; top: -10px;\">\n<div class=\"gtx-trans-icon\"><\/div>\n<\/div>\n<p>[\/vc_column_text][\/vc_column][vc_column width=\u00a0\u00bb1\/2&Prime; css=\u00a0\u00bb.vc_custom_1770243921289{background-image: url(https:\/\/www.acadianseaplants.com\/wp-content\/uploads\/2026\/02\/Filling-line-1-resized.jpg?id=1776) !important;background-position: center !important;background-repeat: no-repeat !important;background-size: cover !important;}\u00a0\u00bb][\/vc_column][\/vc_row][vc_row el_class=\u00a0\u00bbcontact-cta\u00a0\u00bb css=\u00a0\u00bb.vc_custom_1770086833757{background-image: url(https:\/\/www.acadianseaplants.com\/wp-content\/uploads\/2020\/11\/Rectangle-16@2x-1-scaled.png?id=1597) !important;background-position: center !important;background-repeat: no-repeat !important;background-size: cover !important;}\u00a0\u00bb][vc_column][vc_row_inner content_placement=\u00a0\u00bbmiddle\u00a0\u00bb el_class=\u00a0\u00bbcontent-max\u00a0\u00bb][vc_column_inner width=\u00a0\u00bb1\/2&Prime;][vc_column_text]Comment pouvons-nous vous aider?<\/p>\n<h2>Nous pouvons le d\u00e9couvrir ensemble.<\/h2>\n<p>&nbsp;<\/p>\n<p class=\"custom-button\"><a href=\"\/fr\/nous-contacter\/\">Contactez-nous<\/a><\/p>\n<p>[\/vc_column_text][\/vc_column_inner][vc_column_inner width=\u00a0\u00bb1\/2&Prime;][\/vc_column_inner][\/vc_row_inner][\/vc_column][\/vc_row]<\/p>\n","protected":false},"excerpt":{"rendered":"<p>[vc_row el_id=\u00a0\u00bbsub_banner\u00a0\u00bb css=\u00a0\u00bb.vc_custom_1769204055855{background-image: url(https:\/\/www.acadianseaplants.com\/wp-content\/uploads\/2026\/01\/ASL-Website-Hero-Images-3.png?id=1571) !important;}\u00a0\u00bb][vc_column][vc_column_text] Notre approche [\/vc_column_text][\/vc_column][\/vc_row][vc_row el_class=\u00a0\u00bbblue-message\u00a0\u00bb][vc_column][vc_row_inner][vc_column_inner width=\u00a0\u00bb1\/2&Prime;][vc_column_text] De la mer \u00e0 des solutions fond\u00e9es sur la science. [\/vc_column_text][\/vc_column_inner][vc_column_inner width=\u00a0\u00bb1\/2&Prime;][vc_column_text]Acadian Seaplants est un chef de file mondial de la science et de l\u2019innovation li\u00e9es aux algues. \u00c9tablie dans le Canada atlantique, l\u2019entreprise transforme des algues r\u00e9colt\u00e9es et cultiv\u00e9es de fa\u00e7on durable en ingr\u00e9dients [&hellip;]<\/p>\n","protected":false},"author":2,"featured_media":0,"parent":0,"menu_order":0,"comment_status":"closed","ping_status":"closed","template":"","meta":{"footnotes":""},"class_list":["post-567","page","type-page","status-publish","hentry"],"yoast_head":"<!-- This site is optimized with the Yoast SEO plugin v27.5 - https:\/\/yoast.com\/product\/yoast-seo-wordpress\/ -->\n<title>Qui nous sommes - Algues Acadiennes<\/title>\n<meta name=\"robots\" content=\"index, follow, max-snippet:-1, max-image-preview:large, max-video-preview:-1\" \/>\n<link rel=\"canonical\" href=\"https:\/\/www.acadianseaplants.com\/fr\/notre-approche\/\" \/>\n<meta property=\"og:locale\" content=\"fr_FR\" \/>\n<meta property=\"og:type\" content=\"article\" \/>\n<meta property=\"og:title\" content=\"Qui nous sommes - Algues Acadiennes\" \/>\n<meta property=\"og:description\" content=\"[vc_row el_id=\u00a0\u00bbsub_banner\u00a0\u00bb css=\u00a0\u00bb.vc_custom_1769204055855{background-image: url(https:\/\/www.acadianseaplants.com\/wp-content\/uploads\/2026\/01\/ASL-Website-Hero-Images-3.png?id=1571) !important;}\u00a0\u00bb][vc_column][vc_column_text] Notre approche [\/vc_column_text][\/vc_column][\/vc_row][vc_row el_class=\u00a0\u00bbblue-message\u00a0\u00bb][vc_column][vc_row_inner][vc_column_inner width=\u00a0\u00bb1\/2&Prime;][vc_column_text] De la mer \u00e0 des solutions fond\u00e9es sur la science. [\/vc_column_text][\/vc_column_inner][vc_column_inner width=\u00a0\u00bb1\/2&Prime;][vc_column_text]Acadian Seaplants est un chef de file mondial de la science et de l\u2019innovation li\u00e9es aux algues. \u00c9tablie dans le Canada atlantique, l\u2019entreprise transforme des algues r\u00e9colt\u00e9es et cultiv\u00e9es de fa\u00e7on durable en ingr\u00e9dients [&hellip;]\" \/>\n<meta property=\"og:url\" content=\"https:\/\/www.acadianseaplants.com\/fr\/notre-approche\/\" \/>\n<meta property=\"og:site_name\" content=\"Acadian Seaplants Limited\" \/>\n<meta property=\"article:modified_time\" content=\"2026-02-04T22:25:25+00:00\" \/>\n<meta name=\"twitter:card\" content=\"summary_large_image\" \/>\n<meta name=\"twitter:label1\" content=\"Dur\u00e9e de lecture estim\u00e9e\" \/>\n\t<meta name=\"twitter:data1\" content=\"3 minutes\" \/>\n<script type=\"application\/ld+json\" class=\"yoast-schema-graph\">{\"@context\":\"https:\\\/\\\/schema.org\",\"@graph\":[{\"@type\":\"WebPage\",\"@id\":\"https:\\\/\\\/www.acadianseaplants.com\\\/fr\\\/notre-approche\\\/\",\"url\":\"https:\\\/\\\/www.acadianseaplants.com\\\/fr\\\/notre-approche\\\/\",\"name\":\"Qui nous sommes - Algues Acadiennes\",\"isPartOf\":{\"@id\":\"https:\\\/\\\/www.acadianseaplants.com\\\/#website\"},\"datePublished\":\"2020-12-07T21:45:02+00:00\",\"dateModified\":\"2026-02-04T22:25:25+00:00\",\"breadcrumb\":{\"@id\":\"https:\\\/\\\/www.acadianseaplants.com\\\/fr\\\/notre-approche\\\/#breadcrumb\"},\"inLanguage\":\"fr-FR\",\"potentialAction\":[{\"@type\":\"ReadAction\",\"target\":[\"https:\\\/\\\/www.acadianseaplants.com\\\/fr\\\/notre-approche\\\/\"]}]},{\"@type\":\"BreadcrumbList\",\"@id\":\"https:\\\/\\\/www.acadianseaplants.com\\\/fr\\\/notre-approche\\\/#breadcrumb\",\"itemListElement\":[{\"@type\":\"ListItem\",\"position\":1,\"name\":\"Home\",\"item\":\"https:\\\/\\\/www.acadianseaplants.com\\\/fr\\\/\"},{\"@type\":\"ListItem\",\"position\":2,\"name\":\"Our Approach &#8211; French\"}]},{\"@type\":\"WebSite\",\"@id\":\"https:\\\/\\\/www.acadianseaplants.com\\\/#website\",\"url\":\"https:\\\/\\\/www.acadianseaplants.com\\\/\",\"name\":\"Acadian Seaplants Limited\",\"description\":\"Plant Products for People, Animal, and Plants\",\"publisher\":{\"@id\":\"https:\\\/\\\/www.acadianseaplants.com\\\/#organization\"},\"potentialAction\":[{\"@type\":\"SearchAction\",\"target\":{\"@type\":\"EntryPoint\",\"urlTemplate\":\"https:\\\/\\\/www.acadianseaplants.com\\\/?s={search_term_string}\"},\"query-input\":{\"@type\":\"PropertyValueSpecification\",\"valueRequired\":true,\"valueName\":\"search_term_string\"}}],\"inLanguage\":\"fr-FR\"},{\"@type\":\"Organization\",\"@id\":\"https:\\\/\\\/www.acadianseaplants.com\\\/#organization\",\"name\":\"Acadian Seaplants\",\"url\":\"https:\\\/\\\/www.acadianseaplants.com\\\/\",\"logo\":{\"@type\":\"ImageObject\",\"inLanguage\":\"fr-FR\",\"@id\":\"https:\\\/\\\/www.acadianseaplants.com\\\/#\\\/schema\\\/logo\\\/image\\\/\",\"url\":\"https:\\\/\\\/www.acadianseaplants.com\\\/wp-content\\\/uploads\\\/2020\\\/05\\\/Acadian-Seaplants-Logo.png\",\"contentUrl\":\"https:\\\/\\\/www.acadianseaplants.com\\\/wp-content\\\/uploads\\\/2020\\\/05\\\/Acadian-Seaplants-Logo.png\",\"width\":466,\"height\":130,\"caption\":\"Acadian Seaplants\"},\"image\":{\"@id\":\"https:\\\/\\\/www.acadianseaplants.com\\\/#\\\/schema\\\/logo\\\/image\\\/\"}}]}<\/script>\n<!-- \/ Yoast SEO plugin. -->","yoast_head_json":{"title":"Qui nous sommes - Algues Acadiennes","robots":{"index":"index","follow":"follow","max-snippet":"max-snippet:-1","max-image-preview":"max-image-preview:large","max-video-preview":"max-video-preview:-1"},"canonical":"https:\/\/www.acadianseaplants.com\/fr\/notre-approche\/","og_locale":"fr_FR","og_type":"article","og_title":"Qui nous sommes - Algues Acadiennes","og_description":"[vc_row el_id=\u00a0\u00bbsub_banner\u00a0\u00bb css=\u00a0\u00bb.vc_custom_1769204055855{background-image: url(https:\/\/www.acadianseaplants.com\/wp-content\/uploads\/2026\/01\/ASL-Website-Hero-Images-3.png?id=1571) !important;}\u00a0\u00bb][vc_column][vc_column_text] Notre approche [\/vc_column_text][\/vc_column][\/vc_row][vc_row el_class=\u00a0\u00bbblue-message\u00a0\u00bb][vc_column][vc_row_inner][vc_column_inner width=\u00a0\u00bb1\/2&Prime;][vc_column_text] De la mer \u00e0 des solutions fond\u00e9es sur la science. [\/vc_column_text][\/vc_column_inner][vc_column_inner width=\u00a0\u00bb1\/2&Prime;][vc_column_text]Acadian Seaplants est un chef de file mondial de la science et de l\u2019innovation li\u00e9es aux algues. \u00c9tablie dans le Canada atlantique, l\u2019entreprise transforme des algues r\u00e9colt\u00e9es et cultiv\u00e9es de fa\u00e7on durable en ingr\u00e9dients [&hellip;]","og_url":"https:\/\/www.acadianseaplants.com\/fr\/notre-approche\/","og_site_name":"Acadian Seaplants Limited","article_modified_time":"2026-02-04T22:25:25+00:00","twitter_card":"summary_large_image","twitter_misc":{"Dur\u00e9e de lecture estim\u00e9e":"3 minutes"},"schema":{"@context":"https:\/\/schema.org","@graph":[{"@type":"WebPage","@id":"https:\/\/www.acadianseaplants.com\/fr\/notre-approche\/","url":"https:\/\/www.acadianseaplants.com\/fr\/notre-approche\/","name":"Qui nous sommes - Algues Acadiennes","isPartOf":{"@id":"https:\/\/www.acadianseaplants.com\/#website"},"datePublished":"2020-12-07T21:45:02+00:00","dateModified":"2026-02-04T22:25:25+00:00","breadcrumb":{"@id":"https:\/\/www.acadianseaplants.com\/fr\/notre-approche\/#breadcrumb"},"inLanguage":"fr-FR","potentialAction":[{"@type":"ReadAction","target":["https:\/\/www.acadianseaplants.com\/fr\/notre-approche\/"]}]},{"@type":"BreadcrumbList","@id":"https:\/\/www.acadianseaplants.com\/fr\/notre-approche\/#breadcrumb","itemListElement":[{"@type":"ListItem","position":1,"name":"Home","item":"https:\/\/www.acadianseaplants.com\/fr\/"},{"@type":"ListItem","position":2,"name":"Our Approach &#8211; French"}]},{"@type":"WebSite","@id":"https:\/\/www.acadianseaplants.com\/#website","url":"https:\/\/www.acadianseaplants.com\/","name":"Acadian Seaplants Limited","description":"Plant Products for People, Animal, and Plants","publisher":{"@id":"https:\/\/www.acadianseaplants.com\/#organization"},"potentialAction":[{"@type":"SearchAction","target":{"@type":"EntryPoint","urlTemplate":"https:\/\/www.acadianseaplants.com\/?s={search_term_string}"},"query-input":{"@type":"PropertyValueSpecification","valueRequired":true,"valueName":"search_term_string"}}],"inLanguage":"fr-FR"},{"@type":"Organization","@id":"https:\/\/www.acadianseaplants.com\/#organization","name":"Acadian Seaplants","url":"https:\/\/www.acadianseaplants.com\/","logo":{"@type":"ImageObject","inLanguage":"fr-FR","@id":"https:\/\/www.acadianseaplants.com\/#\/schema\/logo\/image\/","url":"https:\/\/www.acadianseaplants.com\/wp-content\/uploads\/2020\/05\/Acadian-Seaplants-Logo.png","contentUrl":"https:\/\/www.acadianseaplants.com\/wp-content\/uploads\/2020\/05\/Acadian-Seaplants-Logo.png","width":466,"height":130,"caption":"Acadian Seaplants"},"image":{"@id":"https:\/\/www.acadianseaplants.com\/#\/schema\/logo\/image\/"}}]}},"_links":{"self":[{"href":"https:\/\/www.acadianseaplants.com\/fr\/wp-json\/wp\/v2\/pages\/567","targetHints":{"allow":["GET"]}}],"collection":[{"href":"https:\/\/www.acadianseaplants.com\/fr\/wp-json\/wp\/v2\/pages"}],"about":[{"href":"https:\/\/www.acadianseaplants.com\/fr\/wp-json\/wp\/v2\/types\/page"}],"author":[{"embeddable":true,"href":"https:\/\/www.acadianseaplants.com\/fr\/wp-json\/wp\/v2\/users\/2"}],"replies":[{"embeddable":true,"href":"https:\/\/www.acadianseaplants.com\/fr\/wp-json\/wp\/v2\/comments?post=567"}],"version-history":[{"count":0,"href":"https:\/\/www.acadianseaplants.com\/fr\/wp-json\/wp\/v2\/pages\/567\/revisions"}],"wp:attachment":[{"href":"https:\/\/www.acadianseaplants.com\/fr\/wp-json\/wp\/v2\/media?parent=567"}],"curies":[{"name":"wp","href":"https:\/\/api.w.org\/{rel}","templated":true}]}}