{"id":570,"date":"2020-12-08T20:58:38","date_gmt":"2020-12-08T20:58:38","guid":{"rendered":"http:\/\/www.acadianseaplants.com\/?page_id=570"},"modified":"2026-02-04T15:11:28","modified_gmt":"2026-02-04T22:11:28","slug":"qui-nous-sommes","status":"publish","type":"page","link":"https:\/\/www.acadianseaplants.com\/fr\/qui-nous-sommes\/","title":{"rendered":"Who We Are &#8211; French"},"content":{"rendered":"<p>[vc_row el_id=\u00a0\u00bbsub_banner\u00a0\u00bb css=\u00a0\u00bb.vc_custom_1592329614594{background-image: url(https:\/\/acadianseaplants.com\/wp-content\/uploads\/2020\/06\/beauty-Asco-shot-underwater-scaled.jpg?id=253) !important;}\u00a0\u00bb][vc_column][vc_column_text]<\/p>\n<h1>Qui nous sommes<\/h1>\n<div id=\"gtx-trans\" style=\"position: absolute; left: -45px; top: -0.5625px;\">\n<div class=\"gtx-trans-icon\"><\/div>\n<\/div>\n<p>[\/vc_column_text][\/vc_column][\/vc_row][vc_row el_class=\u00a0\u00bbblue-message\u00a0\u00bb][vc_column][vc_row_inner][vc_column_inner width=\u00a0\u00bb1\/2&Prime;][vc_column_text]<\/p>\n<h2><span style=\"color: #ffffff;\">Inspir\u00e9 par la magie des algues.<\/span><\/h2>\n<p>[\/vc_column_text][\/vc_column_inner][vc_column_inner width=\u00a0\u00bb1\/2&Prime;][vc_column_text]<span style=\"color: #ffffff;\">Algues Acadiennes s\u2019est d\u00e9velopp\u00e9e depuis ses origines sur la c\u00f4te atlantique pour devenir un chef de file mondial de la science des algues et de l\u2019innovation durable. Guid\u00e9s par des bases solides, une \u00e9quipe de direction chevronn\u00e9e et une vision claire de l\u2019avenir, nous continuons de faire progresser des solutions ax\u00e9es sur la performance pour les plantes, les animaux et les personnes.<\/span>[\/vc_column_text][\/vc_column_inner][\/vc_row_inner][\/vc_column][\/vc_row][vc_row equal_height=\u00a0\u00bbyes\u00a0\u00bb content_placement=\u00a0\u00bbmiddle\u00a0\u00bb el_class=\u00a0\u00bbtwo-col-img-right\u00a0\u00bb][vc_column width=\u00a0\u00bb1\/2&Prime;][vc_column_text]<\/p>\n<h2>Inspir\u00e9s par le pouvoir des algues.<\/h2>\n<p>&nbsp;<\/p>\n<p>Peu d\u2019organisations mondiales peuvent retracer leurs origines \u00e0 un modeste potager en milieu rural de la Nouvelle-\u00c9cosse \u2014 et pourtant, c\u2019est l\u00e0 que notre histoire commence. Au milieu de rang\u00e9es de l\u00e9gumes verdoyants, notre fondateur, Louis Deveau, est tomb\u00e9 pour la premi\u00e8re fois sous le charme des algues.<\/p>\n<p>En observant son p\u00e8re r\u00e9colter des algues sur le littoral rocheux de la Baie Sainte-Marie et les \u00e9tendre sur le sol du jardin pour l\u2019enrichir, Louis \u00e9tait fascin\u00e9 par leur pouvoir de croissance presque magique. Les parcelles trait\u00e9es aux algues donnaient naissance \u00e0 des plantes plus vigoureuses et plus productives.<\/p>\n<p>Louis s\u2019est alors demand\u00e9 ce que cette incroyable ressource marine pouvait accomplir de plus. Sans encore le savoir, ces premi\u00e8res r\u00e9flexions allaient le mener sur la voie de la cr\u00e9ation d\u2019une entreprise mondiale vou\u00e9e \u00e0 am\u00e9liorer la vie des plantes, des animaux et des personnes gr\u00e2ce au potentiel inexploit\u00e9 et sous-estim\u00e9 des ressources marines.<\/p>\n<div id=\"gtx-trans\" style=\"position: absolute; left: -28px; top: -10px;\">\n<div class=\"gtx-trans-icon\"><\/div>\n<\/div>\n<p>[\/vc_column_text][\/vc_column][vc_column width=\u00a0\u00bb1\/2&Prime; css=\u00a0\u00bb.vc_custom_1770242356885{background-image: url(https:\/\/www.acadianseaplants.com\/wp-content\/uploads\/2026\/01\/Louis-holding-asco-1.png?id=1535) !important;background-position: center !important;background-repeat: no-repeat !important;background-size: cover !important;}\u00a0\u00bb][\/vc_column][\/vc_row][vc_row equal_height=\u00a0\u00bbyes\u00a0\u00bb content_placement=\u00a0\u00bbmiddle\u00a0\u00bb el_class=\u00a0\u00bbtwo-col-img-left\u00a0\u00bb][vc_column width=\u00a0\u00bb1\/2&Prime;][vc_single_image image=\u00a0\u00bb1565&Prime; img_size=\u00a0\u00bb1000&#215;665&Prime;][\/vc_column][vc_column width=\u00a0\u00bb1\/2&Prime;][vc_column_text]<\/p>\n<h2>Les fondations d\u2019Acadian<\/h2>\n<p>Inspir\u00e9 par ces premi\u00e8res observations du potentiel des algues et guid\u00e9 par une vision claire de croissance responsable, Louis Deveau s\u2019est donn\u00e9 pour mission de b\u00e2tir une organisation de calibre mondial, ancr\u00e9e dans la science, la qualit\u00e9 et la durabilit\u00e9. En 1981, l\u2019acquisition des actifs canadiens de Marine Colloids a marqu\u00e9 le lancement officiel d\u2019Algues Acadiennes et le d\u00e9but d\u2019un nouveau chapitre dans l\u2019innovation li\u00e9e aux algues.<\/p>\n<p>Au fil des d\u00e9cennies, l\u2019entreprise a \u00e9largi son expertise en r\u00e9colte, son portefeuille de produits et sa pr\u00e9sence mondiale \u2014 mettant notamment en valeur des esp\u00e8ces comme <em>Ascophyllum nodosum<\/em> et lan\u00e7ant son premier extrait d\u2019algues pour les plantes en 1991. Gr\u00e2ce \u00e0 des investissements continus en recherche, en gestion des ressources, en d\u00e9veloppement des march\u00e9s et en capital<\/p>\n<div id=\"gtx-trans\" style=\"position: absolute; left: -31px; top: -10px;\">\n<div class=\"gtx-trans-icon\"><\/div>\n<\/div>\n<p>[\/vc_column_text][\/vc_column][\/vc_row][vc_row equal_height=\u00a0\u00bbyes\u00a0\u00bb content_placement=\u00a0\u00bbmiddle\u00a0\u00bb el_class=\u00a0\u00bbtwo-col-img-right\u00a0\u00bb][vc_column width=\u00a0\u00bb1\/2&Prime;][vc_column_text]<\/p>\n<h2>Un leadership pour le prochain chapitre<\/h2>\n<p>Alors qu\u2019Algues Acadiennes poursuit son \u00e9volution, son leadership \u00e9volue \u00e9galement \u2014 assurant la continuit\u00e9 de sa mission tout en positionnant l\u2019entreprise pour une croissance et un impact durables \u00e0 long terme. S\u2019appuyant sur les bases solides \u00e9tablies au fil des d\u00e9cennies, Jean-Paul Deveau, fils du fondateur Louis Deveau, a assum\u00e9 le r\u00f4le de pr\u00e9sident ex\u00e9cutif, offrant une orientation strat\u00e9gique fond\u00e9e sur une connaissance approfondie de l\u2019h\u00e9ritage et des valeurs de l\u2019entreprise.<\/p>\n<p>Parall\u00e8lement, Nelson Gibson, ancien pr\u00e9sident d\u2019Acadian Plant Health, occupe d\u00e9sormais le poste de chef de la direction d\u2019Algues Acadiennes, mettant \u00e0 profit son solide parcours en innovation scientifique, en leadership mondial et en croissance ax\u00e9e sur la performance. Pour soutenir cette nouvelle phase, James Maude a \u00e9t\u00e9 nomm\u00e9 chef de l\u2019exploitation, renfor\u00e7ant l\u2019excellence op\u00e9rationnelle \u00e0 l\u2019\u00e9chelle de l\u2019organisation.<\/p>\n<p>Ensemble, cette \u00e9quipe de direction incarne une \u00e9volution r\u00e9fl\u00e9chie \u2014 honorant l\u2019h\u00e9ritage d\u2019Acadian tout en guidant avec assurance l\u2019entreprise vers son avenir en tant que leader mondial de la science des algues et des solutions durables.<\/p>\n<div id=\"gtx-trans\" style=\"position: absolute; left: -7px; top: -10px;\">\n<div class=\"gtx-trans-icon\"><\/div>\n<\/div>\n<p>[\/vc_column_text][\/vc_column][vc_column width=\u00a0\u00bb1\/2&Prime; css=\u00a0\u00bb.vc_custom_1770242471035{background-image: url(https:\/\/www.acadianseaplants.com\/wp-content\/uploads\/2026\/01\/Leadership-image.png?id=1567) !important;}\u00a0\u00bb][\/vc_column][\/vc_row][vc_row css=\u00a0\u00bb.vc_custom_1770242673198{background-image: url(https:\/\/www.acadianseaplants.com\/wp-content\/uploads\/2026\/01\/ASL-Website-Hero-Images-6.png?id=1719) !important;background-position: center !important;background-repeat: no-repeat !important;background-size: cover !important;}\u00a0\u00bb][vc_column css=\u00a0\u00bb.vc_custom_1770242936631{margin-top: 50px !important;margin-right: 100px !important;margin-bottom: 50px !important;margin-left: 100px !important;}\u00a0\u00bb][vc_column_text]<\/p>\n<h2 style=\"text-align: center;\">Un avenir prometteur pour Algues Acadiennes<\/h2>\n<p>&nbsp;<\/p>\n<p style=\"text-align: center;\"><strong>De nos origines sur la c\u00f4te atlantique du Canada \u00e0 nos activit\u00e9s mondiales d\u2019aujourd\u2019hui, Algues Acadiennes a \u00e9volu\u00e9 gr\u00e2ce \u00e0 une innovation continue, une science rigoureuse et un engagement profond envers la durabilit\u00e9. Ces principes nous ont permis d\u2019offrir une performance significative dans les secteurs de l\u2019agriculture, de la sant\u00e9 animale et du mieux-\u00eatre humain, tout en gagnant la confiance de partenaires partout dans le monde.<\/strong><\/p>\n<p style=\"text-align: center;\"><strong>\u00c0 mesure que nous d\u00e9couvrons de nouvelles possibilit\u00e9s li\u00e9es aux algues, nous b\u00e2tissons la prochaine g\u00e9n\u00e9ration de solutions naturelles qui soutiennent un avenir plus r\u00e9silient pour les plantes, les animaux et les personnes.<\/strong><\/p>\n<p>&nbsp;<\/p>\n<h3 style=\"text-align: center;\"><strong>Allons au-del\u00e0 de la mer, ensemble.<\/strong><\/h3>\n<p>[\/vc_column_text][\/vc_column][\/vc_row][vc_row][vc_column][vc_empty_space height=\u00a0\u00bb50px\u00a0\u00bb][\/vc_column][\/vc_row][vc_row el_class=\u00a0\u00bbcontact-cta\u00a0\u00bb css=\u00a0\u00bb.vc_custom_1770086943739{background-image: url(https:\/\/www.acadianseaplants.com\/wp-content\/uploads\/2020\/11\/Rectangle-16@2x-1-scaled.png?id=1597) !important;background-position: center !important;background-repeat: no-repeat !important;background-size: cover !important;}\u00a0\u00bb][vc_column][vc_row_inner content_placement=\u00a0\u00bbmiddle\u00a0\u00bb el_class=\u00a0\u00bbcontent-max\u00a0\u00bb][vc_column_inner width=\u00a0\u00bb1\/2&Prime;][vc_column_text]Comment pouvons-nous vous aider?<\/p>\n<h2>Nous pouvons le d\u00e9couvrir ensemble.<\/h2>\n<p>&nbsp;<\/p>\n<p class=\"custom-button\"><a href=\"\/fr\/nous-contacter\/\">Contactez-nous<\/a><\/p>\n<p>[\/vc_column_text][\/vc_column_inner][vc_column_inner width=\u00a0\u00bb1\/2&Prime;][\/vc_column_inner][\/vc_row_inner][\/vc_column][\/vc_row]<\/p>\n","protected":false},"excerpt":{"rendered":"<p>[vc_row el_id=\u00a0\u00bbsub_banner\u00a0\u00bb css=\u00a0\u00bb.vc_custom_1592329614594{background-image: url(https:\/\/acadianseaplants.com\/wp-content\/uploads\/2020\/06\/beauty-Asco-shot-underwater-scaled.jpg?id=253) !important;}\u00a0\u00bb][vc_column][vc_column_text] Qui nous sommes [\/vc_column_text][\/vc_column][\/vc_row][vc_row el_class=\u00a0\u00bbblue-message\u00a0\u00bb][vc_column][vc_row_inner][vc_column_inner width=\u00a0\u00bb1\/2&Prime;][vc_column_text] Inspir\u00e9 par la magie des algues. [\/vc_column_text][\/vc_column_inner][vc_column_inner width=\u00a0\u00bb1\/2&Prime;][vc_column_text]Algues Acadiennes s\u2019est d\u00e9velopp\u00e9e depuis ses origines sur la c\u00f4te atlantique pour devenir un chef de file mondial de la science des algues et de l\u2019innovation durable. Guid\u00e9s par des bases solides, une \u00e9quipe de direction chevronn\u00e9e [&hellip;]<\/p>\n","protected":false},"author":2,"featured_media":0,"parent":0,"menu_order":0,"comment_status":"closed","ping_status":"closed","template":"","meta":{"footnotes":""},"class_list":["post-570","page","type-page","status-publish","hentry"],"yoast_head":"<!-- This site is optimized with the Yoast SEO plugin v27.5 - https:\/\/yoast.com\/product\/yoast-seo-wordpress\/ -->\n<title>Notre Histoire - Algues Acadiennes<\/title>\n<meta name=\"robots\" content=\"index, follow, max-snippet:-1, max-image-preview:large, max-video-preview:-1\" \/>\n<link rel=\"canonical\" href=\"https:\/\/www.acadianseaplants.com\/fr\/qui-nous-sommes\/\" \/>\n<meta property=\"og:locale\" content=\"fr_FR\" \/>\n<meta property=\"og:type\" content=\"article\" \/>\n<meta property=\"og:title\" content=\"Notre Histoire - Algues Acadiennes\" \/>\n<meta property=\"og:description\" content=\"[vc_row el_id=\u00a0\u00bbsub_banner\u00a0\u00bb css=\u00a0\u00bb.vc_custom_1592329614594{background-image: url(https:\/\/acadianseaplants.com\/wp-content\/uploads\/2020\/06\/beauty-Asco-shot-underwater-scaled.jpg?id=253) !important;}\u00a0\u00bb][vc_column][vc_column_text] Qui nous sommes [\/vc_column_text][\/vc_column][\/vc_row][vc_row el_class=\u00a0\u00bbblue-message\u00a0\u00bb][vc_column][vc_row_inner][vc_column_inner width=\u00a0\u00bb1\/2&Prime;][vc_column_text] Inspir\u00e9 par la magie des algues. [\/vc_column_text][\/vc_column_inner][vc_column_inner width=\u00a0\u00bb1\/2&Prime;][vc_column_text]Algues Acadiennes s\u2019est d\u00e9velopp\u00e9e depuis ses origines sur la c\u00f4te atlantique pour devenir un chef de file mondial de la science des algues et de l\u2019innovation durable. Guid\u00e9s par des bases solides, une \u00e9quipe de direction chevronn\u00e9e [&hellip;]\" \/>\n<meta property=\"og:url\" content=\"https:\/\/www.acadianseaplants.com\/fr\/qui-nous-sommes\/\" \/>\n<meta property=\"og:site_name\" content=\"Acadian Seaplants Limited\" \/>\n<meta property=\"article:modified_time\" content=\"2026-02-04T22:11:28+00:00\" \/>\n<meta name=\"twitter:card\" content=\"summary_large_image\" \/>\n<meta name=\"twitter:label1\" content=\"Dur\u00e9e de lecture estim\u00e9e\" \/>\n\t<meta name=\"twitter:data1\" content=\"4 minutes\" \/>\n<script type=\"application\/ld+json\" class=\"yoast-schema-graph\">{\"@context\":\"https:\\\/\\\/schema.org\",\"@graph\":[{\"@type\":\"WebPage\",\"@id\":\"https:\\\/\\\/www.acadianseaplants.com\\\/fr\\\/qui-nous-sommes\\\/\",\"url\":\"https:\\\/\\\/www.acadianseaplants.com\\\/fr\\\/qui-nous-sommes\\\/\",\"name\":\"Notre Histoire - Algues Acadiennes\",\"isPartOf\":{\"@id\":\"https:\\\/\\\/www.acadianseaplants.com\\\/#website\"},\"datePublished\":\"2020-12-08T20:58:38+00:00\",\"dateModified\":\"2026-02-04T22:11:28+00:00\",\"breadcrumb\":{\"@id\":\"https:\\\/\\\/www.acadianseaplants.com\\\/fr\\\/qui-nous-sommes\\\/#breadcrumb\"},\"inLanguage\":\"fr-FR\",\"potentialAction\":[{\"@type\":\"ReadAction\",\"target\":[\"https:\\\/\\\/www.acadianseaplants.com\\\/fr\\\/qui-nous-sommes\\\/\"]}]},{\"@type\":\"BreadcrumbList\",\"@id\":\"https:\\\/\\\/www.acadianseaplants.com\\\/fr\\\/qui-nous-sommes\\\/#breadcrumb\",\"itemListElement\":[{\"@type\":\"ListItem\",\"position\":1,\"name\":\"Home\",\"item\":\"https:\\\/\\\/www.acadianseaplants.com\\\/fr\\\/\"},{\"@type\":\"ListItem\",\"position\":2,\"name\":\"Who We Are &#8211; French\"}]},{\"@type\":\"WebSite\",\"@id\":\"https:\\\/\\\/www.acadianseaplants.com\\\/#website\",\"url\":\"https:\\\/\\\/www.acadianseaplants.com\\\/\",\"name\":\"Acadian Seaplants Limited\",\"description\":\"Plant Products for People, Animal, and Plants\",\"publisher\":{\"@id\":\"https:\\\/\\\/www.acadianseaplants.com\\\/#organization\"},\"potentialAction\":[{\"@type\":\"SearchAction\",\"target\":{\"@type\":\"EntryPoint\",\"urlTemplate\":\"https:\\\/\\\/www.acadianseaplants.com\\\/?s={search_term_string}\"},\"query-input\":{\"@type\":\"PropertyValueSpecification\",\"valueRequired\":true,\"valueName\":\"search_term_string\"}}],\"inLanguage\":\"fr-FR\"},{\"@type\":\"Organization\",\"@id\":\"https:\\\/\\\/www.acadianseaplants.com\\\/#organization\",\"name\":\"Acadian Seaplants\",\"url\":\"https:\\\/\\\/www.acadianseaplants.com\\\/\",\"logo\":{\"@type\":\"ImageObject\",\"inLanguage\":\"fr-FR\",\"@id\":\"https:\\\/\\\/www.acadianseaplants.com\\\/#\\\/schema\\\/logo\\\/image\\\/\",\"url\":\"https:\\\/\\\/www.acadianseaplants.com\\\/wp-content\\\/uploads\\\/2020\\\/05\\\/Acadian-Seaplants-Logo.png\",\"contentUrl\":\"https:\\\/\\\/www.acadianseaplants.com\\\/wp-content\\\/uploads\\\/2020\\\/05\\\/Acadian-Seaplants-Logo.png\",\"width\":466,\"height\":130,\"caption\":\"Acadian Seaplants\"},\"image\":{\"@id\":\"https:\\\/\\\/www.acadianseaplants.com\\\/#\\\/schema\\\/logo\\\/image\\\/\"}}]}<\/script>\n<!-- \/ Yoast SEO plugin. -->","yoast_head_json":{"title":"Notre Histoire - Algues Acadiennes","robots":{"index":"index","follow":"follow","max-snippet":"max-snippet:-1","max-image-preview":"max-image-preview:large","max-video-preview":"max-video-preview:-1"},"canonical":"https:\/\/www.acadianseaplants.com\/fr\/qui-nous-sommes\/","og_locale":"fr_FR","og_type":"article","og_title":"Notre Histoire - Algues Acadiennes","og_description":"[vc_row el_id=\u00a0\u00bbsub_banner\u00a0\u00bb css=\u00a0\u00bb.vc_custom_1592329614594{background-image: url(https:\/\/acadianseaplants.com\/wp-content\/uploads\/2020\/06\/beauty-Asco-shot-underwater-scaled.jpg?id=253) !important;}\u00a0\u00bb][vc_column][vc_column_text] Qui nous sommes [\/vc_column_text][\/vc_column][\/vc_row][vc_row el_class=\u00a0\u00bbblue-message\u00a0\u00bb][vc_column][vc_row_inner][vc_column_inner width=\u00a0\u00bb1\/2&Prime;][vc_column_text] Inspir\u00e9 par la magie des algues. [\/vc_column_text][\/vc_column_inner][vc_column_inner width=\u00a0\u00bb1\/2&Prime;][vc_column_text]Algues Acadiennes s\u2019est d\u00e9velopp\u00e9e depuis ses origines sur la c\u00f4te atlantique pour devenir un chef de file mondial de la science des algues et de l\u2019innovation durable. Guid\u00e9s par des bases solides, une \u00e9quipe de direction chevronn\u00e9e [&hellip;]","og_url":"https:\/\/www.acadianseaplants.com\/fr\/qui-nous-sommes\/","og_site_name":"Acadian Seaplants Limited","article_modified_time":"2026-02-04T22:11:28+00:00","twitter_card":"summary_large_image","twitter_misc":{"Dur\u00e9e de lecture estim\u00e9e":"4 minutes"},"schema":{"@context":"https:\/\/schema.org","@graph":[{"@type":"WebPage","@id":"https:\/\/www.acadianseaplants.com\/fr\/qui-nous-sommes\/","url":"https:\/\/www.acadianseaplants.com\/fr\/qui-nous-sommes\/","name":"Notre Histoire - Algues Acadiennes","isPartOf":{"@id":"https:\/\/www.acadianseaplants.com\/#website"},"datePublished":"2020-12-08T20:58:38+00:00","dateModified":"2026-02-04T22:11:28+00:00","breadcrumb":{"@id":"https:\/\/www.acadianseaplants.com\/fr\/qui-nous-sommes\/#breadcrumb"},"inLanguage":"fr-FR","potentialAction":[{"@type":"ReadAction","target":["https:\/\/www.acadianseaplants.com\/fr\/qui-nous-sommes\/"]}]},{"@type":"BreadcrumbList","@id":"https:\/\/www.acadianseaplants.com\/fr\/qui-nous-sommes\/#breadcrumb","itemListElement":[{"@type":"ListItem","position":1,"name":"Home","item":"https:\/\/www.acadianseaplants.com\/fr\/"},{"@type":"ListItem","position":2,"name":"Who We Are &#8211; French"}]},{"@type":"WebSite","@id":"https:\/\/www.acadianseaplants.com\/#website","url":"https:\/\/www.acadianseaplants.com\/","name":"Acadian Seaplants Limited","description":"Plant Products for People, Animal, and Plants","publisher":{"@id":"https:\/\/www.acadianseaplants.com\/#organization"},"potentialAction":[{"@type":"SearchAction","target":{"@type":"EntryPoint","urlTemplate":"https:\/\/www.acadianseaplants.com\/?s={search_term_string}"},"query-input":{"@type":"PropertyValueSpecification","valueRequired":true,"valueName":"search_term_string"}}],"inLanguage":"fr-FR"},{"@type":"Organization","@id":"https:\/\/www.acadianseaplants.com\/#organization","name":"Acadian Seaplants","url":"https:\/\/www.acadianseaplants.com\/","logo":{"@type":"ImageObject","inLanguage":"fr-FR","@id":"https:\/\/www.acadianseaplants.com\/#\/schema\/logo\/image\/","url":"https:\/\/www.acadianseaplants.com\/wp-content\/uploads\/2020\/05\/Acadian-Seaplants-Logo.png","contentUrl":"https:\/\/www.acadianseaplants.com\/wp-content\/uploads\/2020\/05\/Acadian-Seaplants-Logo.png","width":466,"height":130,"caption":"Acadian Seaplants"},"image":{"@id":"https:\/\/www.acadianseaplants.com\/#\/schema\/logo\/image\/"}}]}},"_links":{"self":[{"href":"https:\/\/www.acadianseaplants.com\/fr\/wp-json\/wp\/v2\/pages\/570","targetHints":{"allow":["GET"]}}],"collection":[{"href":"https:\/\/www.acadianseaplants.com\/fr\/wp-json\/wp\/v2\/pages"}],"about":[{"href":"https:\/\/www.acadianseaplants.com\/fr\/wp-json\/wp\/v2\/types\/page"}],"author":[{"embeddable":true,"href":"https:\/\/www.acadianseaplants.com\/fr\/wp-json\/wp\/v2\/users\/2"}],"replies":[{"embeddable":true,"href":"https:\/\/www.acadianseaplants.com\/fr\/wp-json\/wp\/v2\/comments?post=570"}],"version-history":[{"count":0,"href":"https:\/\/www.acadianseaplants.com\/fr\/wp-json\/wp\/v2\/pages\/570\/revisions"}],"wp:attachment":[{"href":"https:\/\/www.acadianseaplants.com\/fr\/wp-json\/wp\/v2\/media?parent=570"}],"curies":[{"name":"wp","href":"https:\/\/api.w.org\/{rel}","templated":true}]}}