{"id":659,"date":"2020-12-17T16:14:39","date_gmt":"2020-12-17T16:14:39","guid":{"rendered":"http:\/\/www.acadianseaplants.com\/?page_id=659"},"modified":"2026-05-05T07:52:17","modified_gmt":"2026-05-05T14:52:17","slug":"apercu-des-produits-humains","status":"publish","type":"page","link":"https:\/\/www.acadianseaplants.com\/fr\/apercu-des-produits-humains\/","title":{"rendered":"Acadian Human Wellness &#8211; French"},"content":{"rendered":"<p>[vc_row el_id=\u00a0\u00bbsub_banner\u00a0\u00bb css=\u00a0\u00bb.vc_custom_1768941744536{background-image: url(https:\/\/www.acadianseaplants.com\/wp-content\/uploads\/2026\/01\/Human-Wellness-Hero.png?id=1523) !important;}\u00a0\u00bb][vc_column][vc_column_text]<\/p>\n<h1>Bien-\u00eatre humain<\/h1>\n<div id=\"gtx-trans\" style=\"position: absolute; left: -7px; top: -0.5625px;\">\n<div class=\"gtx-trans-icon\"><\/div>\n<\/div>\n<p>[\/vc_column_text][\/vc_column][\/vc_row][vc_row el_class=\u00a0\u00bbblue-message\u00a0\u00bb][vc_column][vc_row_inner][vc_column_inner width=\u00a0\u00bb1\/2&Prime;][vc_column_text]<\/p>\n<h2>Faire progresser le mieux-\u00eatre gr\u00e2ce \u00e0 des algues naturelles, tra\u00e7ables et appuy\u00e9es par la science.<\/h2>\n<p>[\/vc_column_text][\/vc_column_inner][vc_column_inner width=\u00a0\u00bb1\/2&Prime;][vc_column_text]La science confirme aujourd\u2019hui ce que les communaut\u00e9s c\u00f4ti\u00e8res savent depuis des g\u00e9n\u00e9rations : les propri\u00e9t\u00e9s naturelles des algues peuvent am\u00e9liorer notre qualit\u00e9 de vie de fa\u00e7on remarquable. \u00c0 pr\u00e9sent, nos pairs de la communaut\u00e9 scientifique \u2014 ainsi que nos propres chercheurs \u2014 d\u00e9couvrent de nouvelles fa\u00e7ons, encore insoup\u00e7onn\u00e9es, dont les algues peuvent enrichir notre quotidien.<\/p>\n<p>Des cosm\u00e9tiques propres aux suppl\u00e9ments efficaces, un vaste monde de possibilit\u00e9s reste \u00e0 explorer au sein de cette ressource marine exceptionnelle. Gr\u00e2ce aux normes de qualit\u00e9 et de s\u00e9curit\u00e9 les plus \u00e9lev\u00e9es, nos algues de qualit\u00e9 sup\u00e9rieure vous permettent de demeurer \u00e0 l\u2019avant-garde de la prochaine vague d\u2019innovation \u2014 aujourd\u2019hui et pour les ann\u00e9es \u00e0 venir. Nous croyons profond\u00e9ment au potentiel des algues pour la sant\u00e9 humaine et \u00e0 l\u2019avenir prometteur qu\u2019elles peuvent offrir \u00e0 tous.<\/p>\n<p>D\u00e9couvrez comment les produits formul\u00e9s \u00e0 partir de nos algues peuvent inspirer votre prochaine innovation durable.[\/vc_column_text][\/vc_column_inner][\/vc_row_inner][\/vc_column][\/vc_row][vc_row equal_height=\u00a0\u00bbyes\u00a0\u00bb content_placement=\u00a0\u00bbmiddle\u00a0\u00bb el_class=\u00a0\u00bbtwo-col-img-left\u00a0\u00bb][vc_column width=\u00a0\u00bb1\/2&Prime; css=\u00a0\u00bb.vc_custom_1588717052626{padding-right: 30px !important;background-position: center !important;background-repeat: no-repeat !important;background-size: cover !important;}\u00a0\u00bb][vc_single_image image=\u00a0\u00bb1525&Prime; img_size=\u00a0\u00bbfull\u00a0\u00bb][\/vc_column][vc_column width=\u00a0\u00bb1\/2&Prime; el_class=\u00a0\u00bbafter-message\u00a0\u00bb][vc_single_image image=\u00a0\u00bb1527&Prime; img_size=\u00a0\u00bbmedium\u00a0\u00bb onclick=\u00a0\u00bbcustom_link\u00a0\u00bb img_link_target=\u00a0\u00bb_blank\u00a0\u00bb link=\u00a0\u00bbhttps:\/\/acadianseaplus.com\/\u00a0\u00bb][vc_column_text]<\/p>\n<h2>D\u00e9couvrir les bienfaits.<\/h2>\n<p>[\/vc_column_text][vc_column_text el_class=\u00a0\u00bbcustom-button\u00a0\u00bb]<a href=\"https:\/\/www.acadianhumanwellness.com\">Visitez le site Web d\u2019Acadian Human Wellness\u2122<\/a>[\/vc_column_text][\/vc_column][\/vc_row][vc_row equal_height=\u00a0\u00bbyes\u00a0\u00bb content_placement=\u00a0\u00bbmiddle\u00a0\u00bb el_class=\u00a0\u00bbtwo-col-img-right\u00a0\u00bb][vc_column width=\u00a0\u00bb1\/2&Prime;][vc_empty_space height=\u00a0\u00bb12px\u00a0\u00bb][vc_column_text el_class=\u00a0\u00bbsub-heading\u00a0\u00bb]<\/p>\n<h2>Vous cherchez \u00e0 animer et rehausser vos produits alimentaires, \u00e0 vous distinguer et satisfaire vos march\u00e9s?<\/h2>\n<div id=\"gtx-trans\" style=\"position: absolute; left: -7px; top: -6.28125px;\">\n<div class=\"gtx-trans-icon\"><\/div>\n<\/div>\n<p>[\/vc_column_text][vc_column_text el_class=\u00a0\u00bbcustom-button\u00a0\u00bb]<a href=\"https:\/\/www.acadianseaplants.com\/fr\/produit-alimentaire\/\">D\u00e9couvrez notre produit alimentaire<\/a><\/p>\n<p>&nbsp;<\/p>\n<div id=\"gtx-trans\" style=\"position: absolute; left: -77px; top: -10px;\">\n<div class=\"gtx-trans-icon\"><\/div>\n<\/div>\n<p>[\/vc_column_text][\/vc_column][vc_column width=\u00a0\u00bb1\/2&Prime; css=\u00a0\u00bb.vc_custom_1768941852280{background-position: center !important;background-repeat: no-repeat !important;background-size: cover !important;}\u00a0\u00bb][vc_single_image image=\u00a0\u00bb877&Prime; img_size=\u00a0\u00bbfull\u00a0\u00bb alignment=\u00a0\u00bbright\u00a0\u00bb][\/vc_column][\/vc_row][vc_row el_id=\u00a0\u00bbsplit-column-cta\u00a0\u00bb el_class=\u00a0\u00bbmargin-top-2x margin-bottom-2x\u00a0\u00bb][vc_column][vc_row_inner el_class=\u00a0\u00bbcontent-max\u00a0\u00bb][vc_column_inner el_class=\u00a0\u00bbcolumn\u00a0\u00bb width=\u00a0\u00bb1\/2&Prime;][vc_single_image image=\u00a0\u00bb1503&Prime; img_size=\u00a0\u00bbfull\u00a0\u00bb][vc_column_text]<\/p>\n<h2>Le succ\u00e8s commercial et la durabilit\u00e9 environnementale vont de pair.<\/h2>\n<p>D\u00e9couvrez comment notre engagement en faveur de la science permet de trouver de nouvelles solutions et de pr\u00e9server les ressources naturelles.<\/p>\n<p class=\"button-wrapper\"><\/p>\n<p>[\/vc_column_text][\/vc_column_inner][vc_column_inner el_class=\u00a0\u00bbcolumn\u00a0\u00bb width=\u00a0\u00bb1\/2&Prime;][vc_single_image image=\u00a0\u00bb1501&Prime; img_size=\u00a0\u00bbfull\u00a0\u00bb][vc_column_text]<\/p>\n<h2>Nous voulons faire une diff\u00e9rence dans le monde.<\/h2>\n<p>Apprenez-en plus sur la vision, les gens et les communaut\u00e9s au c\u0153ur de d\u00e9marche.<\/p>\n<p>[\/vc_column_text][\/vc_column_inner][\/vc_row_inner][\/vc_column][\/vc_row][vc_row el_class=\u00a0\u00bbcontact-cta\u00a0\u00bb css=\u00a0\u00bb.vc_custom_1770087917013{background-image: url(https:\/\/www.acadianseaplants.com\/wp-content\/uploads\/2020\/11\/Rectangle-16@2x-1-scaled.png?id=1597) !important;background-position: center !important;background-repeat: no-repeat !important;background-size: cover !important;}\u00a0\u00bb][vc_column][vc_row_inner content_placement=\u00a0\u00bbmiddle\u00a0\u00bb el_class=\u00a0\u00bbcontent-max\u00a0\u00bb][vc_column_inner width=\u00a0\u00bb1\/2&Prime;][vc_column_text]Comment pouvons-nous vous aider?<\/p>\n<h2>Nous pouvons le d\u00e9couvrir ensemble.<\/h2>\n<p>&nbsp;<\/p>\n<p class=\"custom-button\"><a href=\"\/fr\/nous-contacter\/\">Contactez-nous<\/a><\/p>\n<p>[\/vc_column_text][\/vc_column_inner][vc_column_inner width=\u00a0\u00bb1\/2&Prime;][\/vc_column_inner][\/vc_row_inner][\/vc_column][\/vc_row]<\/p>\n","protected":false},"excerpt":{"rendered":"<p>[vc_row el_id=\u00a0\u00bbsub_banner\u00a0\u00bb css=\u00a0\u00bb.vc_custom_1768941744536{background-image: url(https:\/\/www.acadianseaplants.com\/wp-content\/uploads\/2026\/01\/Human-Wellness-Hero.png?id=1523) !important;}\u00a0\u00bb][vc_column][vc_column_text] Bien-\u00eatre humain [\/vc_column_text][\/vc_column][\/vc_row][vc_row el_class=\u00a0\u00bbblue-message\u00a0\u00bb][vc_column][vc_row_inner][vc_column_inner width=\u00a0\u00bb1\/2&Prime;][vc_column_text] Faire progresser le mieux-\u00eatre gr\u00e2ce \u00e0 des algues naturelles, tra\u00e7ables et appuy\u00e9es par la science. [\/vc_column_text][\/vc_column_inner][vc_column_inner width=\u00a0\u00bb1\/2&Prime;][vc_column_text]La science confirme aujourd\u2019hui ce que les communaut\u00e9s c\u00f4ti\u00e8res savent depuis des g\u00e9n\u00e9rations : les propri\u00e9t\u00e9s naturelles des algues peuvent am\u00e9liorer notre qualit\u00e9 de vie de fa\u00e7on remarquable. \u00c0 [&hellip;]<\/p>\n","protected":false},"author":2,"featured_media":0,"parent":0,"menu_order":0,"comment_status":"closed","ping_status":"closed","template":"","meta":{"footnotes":""},"class_list":["post-659","page","type-page","status-publish","hentry"],"yoast_head":"<!-- This site is optimized with the Yoast SEO plugin v27.6 - https:\/\/yoast.com\/product\/yoast-seo-wordpress\/ -->\n<title>Acadian Human Wellness | Algues Acadiennes<\/title>\n<meta name=\"description\" content=\"Faire progresser le mieux-\u00eatre gr\u00e2ce \u00e0 des algues naturelles, tra\u00e7ables et appuy\u00e9es par la science.\" \/>\n<meta name=\"robots\" content=\"index, follow, max-snippet:-1, max-image-preview:large, max-video-preview:-1\" \/>\n<link rel=\"canonical\" href=\"https:\/\/www.acadianseaplants.com\/fr\/apercu-des-produits-humains\/\" \/>\n<meta property=\"og:locale\" content=\"fr_FR\" \/>\n<meta property=\"og:type\" content=\"article\" \/>\n<meta property=\"og:title\" content=\"Acadian Human Wellness | Algues Acadiennes\" \/>\n<meta property=\"og:description\" content=\"Faire progresser le mieux-\u00eatre gr\u00e2ce \u00e0 des algues naturelles, tra\u00e7ables et appuy\u00e9es par la science.\" \/>\n<meta property=\"og:url\" content=\"https:\/\/www.acadianseaplants.com\/fr\/apercu-des-produits-humains\/\" \/>\n<meta property=\"og:site_name\" content=\"Acadian Seaplants Limited\" \/>\n<meta property=\"article:modified_time\" content=\"2026-05-05T14:52:17+00:00\" \/>\n<meta name=\"twitter:card\" content=\"summary_large_image\" \/>\n<meta name=\"twitter:label1\" content=\"Dur\u00e9e de lecture estim\u00e9e\" \/>\n\t<meta name=\"twitter:data1\" content=\"3 minutes\" \/>\n<script type=\"application\/ld+json\" class=\"yoast-schema-graph\">{\"@context\":\"https:\\\/\\\/schema.org\",\"@graph\":[{\"@type\":\"WebPage\",\"@id\":\"https:\\\/\\\/www.acadianseaplants.com\\\/fr\\\/apercu-des-produits-humains\\\/\",\"url\":\"https:\\\/\\\/www.acadianseaplants.com\\\/fr\\\/apercu-des-produits-humains\\\/\",\"name\":\"Acadian Human Wellness | Algues Acadiennes\",\"isPartOf\":{\"@id\":\"https:\\\/\\\/www.acadianseaplants.com\\\/#website\"},\"datePublished\":\"2020-12-17T16:14:39+00:00\",\"dateModified\":\"2026-05-05T14:52:17+00:00\",\"description\":\"Faire progresser le mieux-\u00eatre gr\u00e2ce \u00e0 des algues naturelles, tra\u00e7ables et appuy\u00e9es par la science.\",\"breadcrumb\":{\"@id\":\"https:\\\/\\\/www.acadianseaplants.com\\\/fr\\\/apercu-des-produits-humains\\\/#breadcrumb\"},\"inLanguage\":\"fr-FR\",\"potentialAction\":[{\"@type\":\"ReadAction\",\"target\":[\"https:\\\/\\\/www.acadianseaplants.com\\\/fr\\\/apercu-des-produits-humains\\\/\"]}]},{\"@type\":\"BreadcrumbList\",\"@id\":\"https:\\\/\\\/www.acadianseaplants.com\\\/fr\\\/apercu-des-produits-humains\\\/#breadcrumb\",\"itemListElement\":[{\"@type\":\"ListItem\",\"position\":1,\"name\":\"Home\",\"item\":\"https:\\\/\\\/www.acadianseaplants.com\\\/fr\\\/\"},{\"@type\":\"ListItem\",\"position\":2,\"name\":\"Acadian Human Wellness &#8211; French\"}]},{\"@type\":\"WebSite\",\"@id\":\"https:\\\/\\\/www.acadianseaplants.com\\\/#website\",\"url\":\"https:\\\/\\\/www.acadianseaplants.com\\\/\",\"name\":\"Acadian Seaplants Limited\",\"description\":\"Plant Products for People, Animal, and Plants\",\"publisher\":{\"@id\":\"https:\\\/\\\/www.acadianseaplants.com\\\/#organization\"},\"potentialAction\":[{\"@type\":\"SearchAction\",\"target\":{\"@type\":\"EntryPoint\",\"urlTemplate\":\"https:\\\/\\\/www.acadianseaplants.com\\\/?s={search_term_string}\"},\"query-input\":{\"@type\":\"PropertyValueSpecification\",\"valueRequired\":true,\"valueName\":\"search_term_string\"}}],\"inLanguage\":\"fr-FR\"},{\"@type\":\"Organization\",\"@id\":\"https:\\\/\\\/www.acadianseaplants.com\\\/#organization\",\"name\":\"Acadian Seaplants\",\"url\":\"https:\\\/\\\/www.acadianseaplants.com\\\/\",\"logo\":{\"@type\":\"ImageObject\",\"inLanguage\":\"fr-FR\",\"@id\":\"https:\\\/\\\/www.acadianseaplants.com\\\/#\\\/schema\\\/logo\\\/image\\\/\",\"url\":\"https:\\\/\\\/www.acadianseaplants.com\\\/wp-content\\\/uploads\\\/2020\\\/05\\\/Acadian-Seaplants-Logo.png\",\"contentUrl\":\"https:\\\/\\\/www.acadianseaplants.com\\\/wp-content\\\/uploads\\\/2020\\\/05\\\/Acadian-Seaplants-Logo.png\",\"width\":466,\"height\":130,\"caption\":\"Acadian Seaplants\"},\"image\":{\"@id\":\"https:\\\/\\\/www.acadianseaplants.com\\\/#\\\/schema\\\/logo\\\/image\\\/\"}}]}<\/script>\n<!-- \/ Yoast SEO plugin. -->","yoast_head_json":{"title":"Acadian Human Wellness | Algues Acadiennes","description":"Faire progresser le mieux-\u00eatre gr\u00e2ce \u00e0 des algues naturelles, tra\u00e7ables et appuy\u00e9es par la science.","robots":{"index":"index","follow":"follow","max-snippet":"max-snippet:-1","max-image-preview":"max-image-preview:large","max-video-preview":"max-video-preview:-1"},"canonical":"https:\/\/www.acadianseaplants.com\/fr\/apercu-des-produits-humains\/","og_locale":"fr_FR","og_type":"article","og_title":"Acadian Human Wellness | Algues Acadiennes","og_description":"Faire progresser le mieux-\u00eatre gr\u00e2ce \u00e0 des algues naturelles, tra\u00e7ables et appuy\u00e9es par la science.","og_url":"https:\/\/www.acadianseaplants.com\/fr\/apercu-des-produits-humains\/","og_site_name":"Acadian Seaplants Limited","article_modified_time":"2026-05-05T14:52:17+00:00","twitter_card":"summary_large_image","twitter_misc":{"Dur\u00e9e de lecture estim\u00e9e":"3 minutes"},"schema":{"@context":"https:\/\/schema.org","@graph":[{"@type":"WebPage","@id":"https:\/\/www.acadianseaplants.com\/fr\/apercu-des-produits-humains\/","url":"https:\/\/www.acadianseaplants.com\/fr\/apercu-des-produits-humains\/","name":"Acadian Human Wellness | Algues Acadiennes","isPartOf":{"@id":"https:\/\/www.acadianseaplants.com\/#website"},"datePublished":"2020-12-17T16:14:39+00:00","dateModified":"2026-05-05T14:52:17+00:00","description":"Faire progresser le mieux-\u00eatre gr\u00e2ce \u00e0 des algues naturelles, tra\u00e7ables et appuy\u00e9es par la science.","breadcrumb":{"@id":"https:\/\/www.acadianseaplants.com\/fr\/apercu-des-produits-humains\/#breadcrumb"},"inLanguage":"fr-FR","potentialAction":[{"@type":"ReadAction","target":["https:\/\/www.acadianseaplants.com\/fr\/apercu-des-produits-humains\/"]}]},{"@type":"BreadcrumbList","@id":"https:\/\/www.acadianseaplants.com\/fr\/apercu-des-produits-humains\/#breadcrumb","itemListElement":[{"@type":"ListItem","position":1,"name":"Home","item":"https:\/\/www.acadianseaplants.com\/fr\/"},{"@type":"ListItem","position":2,"name":"Acadian Human Wellness &#8211; French"}]},{"@type":"WebSite","@id":"https:\/\/www.acadianseaplants.com\/#website","url":"https:\/\/www.acadianseaplants.com\/","name":"Acadian Seaplants Limited","description":"Plant Products for People, Animal, and Plants","publisher":{"@id":"https:\/\/www.acadianseaplants.com\/#organization"},"potentialAction":[{"@type":"SearchAction","target":{"@type":"EntryPoint","urlTemplate":"https:\/\/www.acadianseaplants.com\/?s={search_term_string}"},"query-input":{"@type":"PropertyValueSpecification","valueRequired":true,"valueName":"search_term_string"}}],"inLanguage":"fr-FR"},{"@type":"Organization","@id":"https:\/\/www.acadianseaplants.com\/#organization","name":"Acadian Seaplants","url":"https:\/\/www.acadianseaplants.com\/","logo":{"@type":"ImageObject","inLanguage":"fr-FR","@id":"https:\/\/www.acadianseaplants.com\/#\/schema\/logo\/image\/","url":"https:\/\/www.acadianseaplants.com\/wp-content\/uploads\/2020\/05\/Acadian-Seaplants-Logo.png","contentUrl":"https:\/\/www.acadianseaplants.com\/wp-content\/uploads\/2020\/05\/Acadian-Seaplants-Logo.png","width":466,"height":130,"caption":"Acadian Seaplants"},"image":{"@id":"https:\/\/www.acadianseaplants.com\/#\/schema\/logo\/image\/"}}]}},"_links":{"self":[{"href":"https:\/\/www.acadianseaplants.com\/fr\/wp-json\/wp\/v2\/pages\/659","targetHints":{"allow":["GET"]}}],"collection":[{"href":"https:\/\/www.acadianseaplants.com\/fr\/wp-json\/wp\/v2\/pages"}],"about":[{"href":"https:\/\/www.acadianseaplants.com\/fr\/wp-json\/wp\/v2\/types\/page"}],"author":[{"embeddable":true,"href":"https:\/\/www.acadianseaplants.com\/fr\/wp-json\/wp\/v2\/users\/2"}],"replies":[{"embeddable":true,"href":"https:\/\/www.acadianseaplants.com\/fr\/wp-json\/wp\/v2\/comments?post=659"}],"version-history":[{"count":0,"href":"https:\/\/www.acadianseaplants.com\/fr\/wp-json\/wp\/v2\/pages\/659\/revisions"}],"wp:attachment":[{"href":"https:\/\/www.acadianseaplants.com\/fr\/wp-json\/wp\/v2\/media?parent=659"}],"curies":[{"name":"wp","href":"https:\/\/api.w.org\/{rel}","templated":true}]}}