{"id":677,"date":"2020-12-17T17:11:05","date_gmt":"2020-12-17T17:11:05","guid":{"rendered":"http:\/\/www.acadianseaplants.com\/?page_id=677"},"modified":"2026-05-01T14:01:14","modified_gmt":"2026-05-01T21:01:14","slug":"hana-tsunomata","status":"publish","type":"page","link":"https:\/\/www.acadianseaplants.com\/fr\/hana-tsunomata\/","title":{"rendered":"Hana Tsunomata\u00ae"},"content":{"rendered":"<p>[vc_row el_id=\u00a0\u00bbsub_banner\u00a0\u00bb css=\u00a0\u00bb.vc_custom_1596034444064{background-image: url(https:\/\/acadianseaplants.com\/wp-content\/uploads\/2020\/07\/HT-tri-colour-mound-BEST-scaled.jpg?id=419) !important;}\u00a0\u00bb][vc_column][vc_column_text]<\/p>\n<h1>Hana Tsunomata\u00ae<\/h1>\n<p>[\/vc_column_text][\/vc_column][\/vc_row][vc_row el_class=\u00a0\u00bbblue-message\u00a0\u00bb][vc_column][vc_row_inner][vc_column_inner width=\u00a0\u00bb1\/2&Prime;][vc_column_text]<\/p>\n<h2>L\u00e9gumes de mer pour rehausser n&rsquo;importe quel plat.<\/h2>\n<p>[\/vc_column_text][\/vc_column_inner][vc_column_inner width=\u00a0\u00bb1\/2&Prime;][vc_column_text]Les consommateurs comptent sur les premi\u00e8res impressions. Au moment o\u00f9 les gens posent les yeux sur un produit alimentaire \u00e0 l&rsquo;\u00e9picerie ou un plat dans un restaurant, ils jugent instantan\u00e9ment s&rsquo;ils veulent le consommer. Des aliments qui semblent app\u00e9tissants \u00e0 premi\u00e8re vue, stimulent la vente.<\/p>\n<p>Les fabricants d&rsquo;aliments et les restaurateurs doivent aussi s&rsquo;assurer que les produits qu\u2019ils offrent correspondent au budget, aux objectifs alimentaires et \u00e0 l&rsquo;\u00e9co-conscience de leur client\u00e8le. Le l\u00e9gume de mer Hana Tsunomata<sup>MD<\/sup> r\u00e9pond \u00e0 ces besoins.[\/vc_column_text][\/vc_column_inner][\/vc_row_inner][\/vc_column][\/vc_row][vc_row equal_height=\u00a0\u00bbyes\u00a0\u00bb el_class=\u00a0\u00bbtwo-col-img-left\u00a0\u00bb][vc_column width=\u00a0\u00bb1\/2&Prime; css=\u00a0\u00bb.vc_custom_1596034780700{padding-right: 30px !important;background-image: url(https:\/\/acadianseaplants.com\/wp-content\/uploads\/2020\/07\/Hana-T.jpg?id=420) !important;background-position: center !important;background-repeat: no-repeat !important;background-size: cover !important;}\u00a0\u00bb][\/vc_column][vc_column width=\u00a0\u00bb1\/2&Prime; el_class=\u00a0\u00bbafter-message\u00a0\u00bb][vc_column_text el_class=\u00a0\u00bbsub-heading\u00a0\u00bb]<\/p>\n<h2>L\u00e9gumes de Mer uniques en leur genre<\/h2>\n<p>[\/vc_column_text][vc_column_text]Les gens mangent d\u2019abord avec leurs yeux et une belle assiette attire davantage la client\u00e8le. Le Hana Tsunomata<sup>MD<\/sup> est une algue comestible multicolore unique qui embellit n\u2019importe quel plat et attire le regard avec son bouquet de couleurs roses, jaunes et vertes. Ce l\u00e9gume de mer de premi\u00e8re qualit\u00e9 ne manquera pas de capter l\u2019attention de vos march\u00e9s.<\/p>\n<p>&nbsp;<\/p>\n<p>Originaire d&rsquo;une souche d&rsquo;algue Chondrus crispus trouv\u00e9e dans les eaux cristallines de l&rsquo;Atlantique Nord du Canada et d\u00e9velopp\u00e9 exclusivement par les Algues Acadiennes, le Hana Tsunomata<sup>MD<\/sup> est cultiv\u00e9 dans des basins terrestres, assurant ainsi un approvisionnement fiable et viable. Nos techniques de culture imitent les conditions favorables et enrichissantes en nutriments de la nature tout en cr\u00e9ant la constance de taille, de couleur et de texture et de salubrit\u00e9 que nos clients appr\u00e9cient.<\/p>\n<p>&nbsp;<\/p>\n<p>Faible en calories. Riche en fer, magn\u00e9sium et fibres et autres. Sans gluten. Certifi\u00e9 V\u00e9g\u00e9talien, Casher et Halal. Le Hana Tsunomata\u00ae est le compl\u00e9ment parfait \u00e0 une gamme illimit\u00e9e de produits alimentaires et recettes.[\/vc_column_text][\/vc_column][\/vc_row][vc_row equal_height=\u00a0\u00bbyes\u00a0\u00bb content_placement=\u00a0\u00bbmiddle\u00a0\u00bb el_class=\u00a0\u00bbtwo-col-img-right\u00a0\u00bb][vc_column width=\u00a0\u00bb1\/2&Prime;][vc_column_text]<\/p>\n<h2>Nous vous apportons le meilleur du meilleur<\/h2>\n<p>Nos clients exigent la meilleure qualit\u00e9, uniformit\u00e9 et fiabilit\u00e9 de leurs ingr\u00e9dients alimentaires et nous nous consacrons \u00e0 satisfaire les march\u00e9s mondiaux les plus exigeants. Notre \u00e9quipe a d\u00e9velopp\u00e9 ce l\u00e9gume de mer unique tout en mettant au point les proc\u00e9d\u00e9s de culture et de production innovants qui assurent sa qualit\u00e9 in\u00e9gal\u00e9e.<\/p>\n<p>&nbsp;<\/p>\n<p>Notre stock exceptionnel d&rsquo;algues nait dans des conditions contr\u00f4l\u00e9es. Nous cultivons des plantes marines juv\u00e9niles dans des r\u00e9servoirs int\u00e9rieurs, les d\u00e9pla\u00e7ant vers des serres couvertes et des r\u00e9servoirs ext\u00e9rieurs \u00e0 mesure qu&rsquo;ils prosp\u00e8rent. Nous r\u00e9coltons les cultures \u00e0 leur taille maximale et aux caract\u00e9ristiques souhait\u00e9es, en ne r\u00e9coltant que les frondes les plus pures, les plus color\u00e9es et de la plus haute qualit\u00e9 pour nos produits alimentaires.<\/p>\n<p>&nbsp;<\/p>\n<p>Une fois r\u00e9colt\u00e9es, nous les traitons d\u00e9licatement pour obtenir les frondes Hana Tsunomata\u00ae roses, vertes et jaunes. Aucune couleur ou colorant n&rsquo;est ajout\u00e9 au produit &#8211; seul notre processus d&rsquo;extraction de pigment fait ressortir les couleurs riches que vous voyez dans les produits finis.<\/p>\n<p>&nbsp;<\/p>\n<p>Afin d\u2019assurer une longue dur\u00e9e de conservation de nos produits, nous utilisons un proc\u00e9d\u00e9 de d\u00e9shydratation \u00e0 basse temp\u00e9rature con\u00e7u sur mesure. Cette m\u00e9thode de s\u00e9chage douce r\u00e9duit la teneur en humidit\u00e9 tout en pr\u00e9servant la forme, la couleur, la texture et la valeur nutritionnelle de chaque plante. Les frondes sont ensuite tri\u00e9es et emball\u00e9es \u00e0 l&rsquo;aide de syst\u00e8mes sophistiqu\u00e9s qui maintiennent la propret\u00e9 et garantissent que seul le meilleur du meilleur est livr\u00e9 \u00e0 nos clients.[\/vc_column_text][\/vc_column][vc_column width=\u00a0\u00bb1\/2&Prime; css=\u00a0\u00bb.vc_custom_1596728839213{background-image: url(https:\/\/acadianseaplants.com\/wp-content\/uploads\/2020\/08\/HT-and-shrimp-plate-edited-scaled-e1596728833556.jpg?id=432) !important;background-position: center !important;background-repeat: no-repeat !important;background-size: cover !important;}\u00a0\u00bb][\/vc_column][\/vc_row][vc_row equal_height=\u00a0\u00bbyes\u00a0\u00bb el_class=\u00a0\u00bbtwo-col-img-left\u00a0\u00bb][vc_column width=\u00a0\u00bb1\/2&Prime; css=\u00a0\u00bb.vc_custom_1596034820118{padding-right: 30px !important;background-image: url(https:\/\/acadianseaplants.com\/wp-content\/uploads\/2020\/07\/Hana-T-3.jpg?id=422) !important;background-position: center !important;background-repeat: no-repeat !important;background-size: cover !important;}\u00a0\u00bb][\/vc_column][vc_column width=\u00a0\u00bb1\/2&Prime; el_class=\u00a0\u00bbafter-message\u00a0\u00bb][vc_column_text el_class=\u00a0\u00bbsub-heading\u00a0\u00bb]<\/p>\n<h2>Comment utiliser le Hana Tsunomata\u00ae<\/h2>\n<p>[\/vc_column_text][vc_column_text]Le Hana Tsunomata\u00ae s\u00e9ch\u00e9 se r\u00e9hydrate rapidement pour utilisation et consommation. Il suffit de les plonger dans de l&rsquo;eau \u00e0 temp\u00e9rature ambiante pendant quatre \u00e0 huit minutes, selon la texture souhait\u00e9e. Les frondes se dilatent, augmentent de volume et sont alors pr\u00eat \u00e0 consommer. Le Hana Tsunomata\u00ae est tr\u00e8s polyvalent dans de nombreuses cuisines et plats, apportant une touche de couleur vive et de bien-\u00eatre aux salades, nouilles, p\u00e2tes, soupes, l\u00e9gumes, poissons et autres.[\/vc_column_text][\/vc_column][\/vc_row][vc_row el_id=\u00a0\u00bbsplit-column-cta\u00a0\u00bb el_class=\u00a0\u00bbmargin-top-2x margin-bottom-2x\u00a0\u00bb][vc_column][vc_row_inner el_class=\u00a0\u00bbcontent-max\u00a0\u00bb][vc_column_inner el_class=\u00a0\u00bbcolumn\u00a0\u00bb width=\u00a0\u00bb1\/2&Prime;][vc_single_image image=\u00a0\u00bb801&Prime; img_size=\u00a0\u00bbfull\u00a0\u00bb][vc_column_text]<\/p>\n<h2>Nous voulons faire une diff\u00e9rence dans le monde.<\/h2>\n<p>Apprenez-en plus sur la vision, les gens et les communaut\u00e9s au c\u0153ur de d\u00e9marche.<\/p>\n<p class=\"button-wrapper\"><\/p>\n<p>[\/vc_column_text][\/vc_column_inner][vc_column_inner el_class=\u00a0\u00bbcolumn\u00a0\u00bb width=\u00a0\u00bb1\/2&Prime;][vc_single_image image=\u00a0\u00bb811&Prime; img_size=\u00a0\u00bbfull\u00a0\u00bb][vc_column_text]<\/p>\n<h2>Le succ\u00e8s commercial et la durabilit\u00e9 environnementale vont de pair.<\/h2>\n<p>D\u00e9couvrez comment notre engagement en faveur de la science permet de trouver de nouvelles solutions et de pr\u00e9server les ressources naturelles.<\/p>\n<p>[\/vc_column_text][\/vc_column_inner][\/vc_row_inner][\/vc_column][\/vc_row][vc_row el_class=\u00a0\u00bbcontact-cta\u00a0\u00bb css=\u00a0\u00bb.vc_custom_1777669271338{background-image: url(https:\/\/www.acadianseaplants.com\/wp-content\/uploads\/2020\/11\/Rectangle-16@2x-1-scaled.png?id=1597) !important;background-position: center !important;background-repeat: no-repeat !important;background-size: cover !important;}\u00a0\u00bb][vc_column][vc_row_inner content_placement=\u00a0\u00bbmiddle\u00a0\u00bb el_class=\u00a0\u00bbcontent-max\u00a0\u00bb][vc_column_inner width=\u00a0\u00bb1\/2&Prime;][vc_column_text]Comment pouvons-nous vous aider?<\/p>\n<h2>Nous pouvons le d\u00e9couvrir ensemble.<\/h2>\n<p>&nbsp;<\/p>\n<p class=\"custom-button\"><a href=\"\/fr\/nous-contacter\/\"> Contactez-nous<\/a><\/p>\n<p>[\/vc_column_text][\/vc_column_inner][vc_column_inner width=\u00a0\u00bb1\/2&Prime;][\/vc_column_inner][\/vc_row_inner][\/vc_column][\/vc_row]<\/p>\n","protected":false},"excerpt":{"rendered":"<p>[vc_row el_id=\u00a0\u00bbsub_banner\u00a0\u00bb css=\u00a0\u00bb.vc_custom_1596034444064{background-image: url(https:\/\/acadianseaplants.com\/wp-content\/uploads\/2020\/07\/HT-tri-colour-mound-BEST-scaled.jpg?id=419) !important;}\u00a0\u00bb][vc_column][vc_column_text] Hana Tsunomata\u00ae [\/vc_column_text][\/vc_column][\/vc_row][vc_row el_class=\u00a0\u00bbblue-message\u00a0\u00bb][vc_column][vc_row_inner][vc_column_inner width=\u00a0\u00bb1\/2&Prime;][vc_column_text] L\u00e9gumes de mer pour rehausser n&rsquo;importe quel plat. [\/vc_column_text][\/vc_column_inner][vc_column_inner width=\u00a0\u00bb1\/2&Prime;][vc_column_text]Les consommateurs comptent sur les premi\u00e8res impressions. Au moment o\u00f9 les gens posent les yeux sur un produit alimentaire \u00e0 l&rsquo;\u00e9picerie ou un plat dans un restaurant, ils jugent instantan\u00e9ment s&rsquo;ils veulent le consommer. Des aliments [&hellip;]<\/p>\n","protected":false},"author":2,"featured_media":0,"parent":0,"menu_order":0,"comment_status":"closed","ping_status":"closed","template":"","meta":{"footnotes":""},"class_list":["post-677","page","type-page","status-publish","hentry"],"yoast_head":"<!-- This site is optimized with the Yoast SEO plugin v27.5 - https:\/\/yoast.com\/product\/yoast-seo-wordpress\/ -->\n<title>Hana Tsunomata\u00ae Edible Seaweed | Seaweed Food Products<\/title>\n<meta name=\"description\" content=\"Restaurants &amp; food &amp; beverage brands need vivid ingredients that catch the eye &amp; fit their budgets. Our Hana Tsunomata\u00ae seaweed food products fit that order.\" \/>\n<meta name=\"robots\" content=\"index, follow, max-snippet:-1, max-image-preview:large, max-video-preview:-1\" \/>\n<link rel=\"canonical\" href=\"https:\/\/www.acadianseaplants.com\/fr\/hana-tsunomata\/\" \/>\n<meta property=\"og:locale\" content=\"fr_FR\" \/>\n<meta property=\"og:type\" content=\"article\" \/>\n<meta property=\"og:title\" content=\"Hana Tsunomata\u00ae Edible Seaweed | Seaweed Food Products\" \/>\n<meta property=\"og:description\" content=\"Restaurants &amp; food &amp; beverage brands need vivid ingredients that catch the eye &amp; fit their budgets. Our Hana Tsunomata\u00ae seaweed food products fit that order.\" \/>\n<meta property=\"og:url\" content=\"https:\/\/www.acadianseaplants.com\/fr\/hana-tsunomata\/\" \/>\n<meta property=\"og:site_name\" content=\"Acadian Seaplants Limited\" \/>\n<meta property=\"article:modified_time\" content=\"2026-05-01T21:01:14+00:00\" \/>\n<meta name=\"twitter:card\" content=\"summary_large_image\" \/>\n<meta name=\"twitter:label1\" content=\"Dur\u00e9e de lecture estim\u00e9e\" \/>\n\t<meta name=\"twitter:data1\" content=\"4 minutes\" \/>\n<script type=\"application\/ld+json\" class=\"yoast-schema-graph\">{\"@context\":\"https:\\\/\\\/schema.org\",\"@graph\":[{\"@type\":\"WebPage\",\"@id\":\"https:\\\/\\\/www.acadianseaplants.com\\\/fr\\\/hana-tsunomata\\\/\",\"url\":\"https:\\\/\\\/www.acadianseaplants.com\\\/fr\\\/hana-tsunomata\\\/\",\"name\":\"Hana Tsunomata\u00ae Edible Seaweed | Seaweed Food Products\",\"isPartOf\":{\"@id\":\"https:\\\/\\\/www.acadianseaplants.com\\\/#website\"},\"datePublished\":\"2020-12-17T17:11:05+00:00\",\"dateModified\":\"2026-05-01T21:01:14+00:00\",\"description\":\"Restaurants & food & beverage brands need vivid ingredients that catch the eye & fit their budgets. Our Hana Tsunomata\u00ae seaweed food products fit that order.\",\"breadcrumb\":{\"@id\":\"https:\\\/\\\/www.acadianseaplants.com\\\/fr\\\/hana-tsunomata\\\/#breadcrumb\"},\"inLanguage\":\"fr-FR\",\"potentialAction\":[{\"@type\":\"ReadAction\",\"target\":[\"https:\\\/\\\/www.acadianseaplants.com\\\/fr\\\/hana-tsunomata\\\/\"]}]},{\"@type\":\"BreadcrumbList\",\"@id\":\"https:\\\/\\\/www.acadianseaplants.com\\\/fr\\\/hana-tsunomata\\\/#breadcrumb\",\"itemListElement\":[{\"@type\":\"ListItem\",\"position\":1,\"name\":\"Home\",\"item\":\"https:\\\/\\\/www.acadianseaplants.com\\\/fr\\\/\"},{\"@type\":\"ListItem\",\"position\":2,\"name\":\"Hana Tsunomata\u00ae\"}]},{\"@type\":\"WebSite\",\"@id\":\"https:\\\/\\\/www.acadianseaplants.com\\\/#website\",\"url\":\"https:\\\/\\\/www.acadianseaplants.com\\\/\",\"name\":\"Acadian Seaplants Limited\",\"description\":\"Plant Products for People, Animal, and Plants\",\"publisher\":{\"@id\":\"https:\\\/\\\/www.acadianseaplants.com\\\/#organization\"},\"potentialAction\":[{\"@type\":\"SearchAction\",\"target\":{\"@type\":\"EntryPoint\",\"urlTemplate\":\"https:\\\/\\\/www.acadianseaplants.com\\\/?s={search_term_string}\"},\"query-input\":{\"@type\":\"PropertyValueSpecification\",\"valueRequired\":true,\"valueName\":\"search_term_string\"}}],\"inLanguage\":\"fr-FR\"},{\"@type\":\"Organization\",\"@id\":\"https:\\\/\\\/www.acadianseaplants.com\\\/#organization\",\"name\":\"Acadian Seaplants\",\"url\":\"https:\\\/\\\/www.acadianseaplants.com\\\/\",\"logo\":{\"@type\":\"ImageObject\",\"inLanguage\":\"fr-FR\",\"@id\":\"https:\\\/\\\/www.acadianseaplants.com\\\/#\\\/schema\\\/logo\\\/image\\\/\",\"url\":\"https:\\\/\\\/www.acadianseaplants.com\\\/wp-content\\\/uploads\\\/2020\\\/05\\\/Acadian-Seaplants-Logo.png\",\"contentUrl\":\"https:\\\/\\\/www.acadianseaplants.com\\\/wp-content\\\/uploads\\\/2020\\\/05\\\/Acadian-Seaplants-Logo.png\",\"width\":466,\"height\":130,\"caption\":\"Acadian Seaplants\"},\"image\":{\"@id\":\"https:\\\/\\\/www.acadianseaplants.com\\\/#\\\/schema\\\/logo\\\/image\\\/\"}}]}<\/script>\n<!-- \/ Yoast SEO plugin. -->","yoast_head_json":{"title":"Hana Tsunomata\u00ae Edible Seaweed | Seaweed Food Products","description":"Restaurants & food & beverage brands need vivid ingredients that catch the eye & fit their budgets. Our Hana Tsunomata\u00ae seaweed food products fit that order.","robots":{"index":"index","follow":"follow","max-snippet":"max-snippet:-1","max-image-preview":"max-image-preview:large","max-video-preview":"max-video-preview:-1"},"canonical":"https:\/\/www.acadianseaplants.com\/fr\/hana-tsunomata\/","og_locale":"fr_FR","og_type":"article","og_title":"Hana Tsunomata\u00ae Edible Seaweed | Seaweed Food Products","og_description":"Restaurants & food & beverage brands need vivid ingredients that catch the eye & fit their budgets. Our Hana Tsunomata\u00ae seaweed food products fit that order.","og_url":"https:\/\/www.acadianseaplants.com\/fr\/hana-tsunomata\/","og_site_name":"Acadian Seaplants Limited","article_modified_time":"2026-05-01T21:01:14+00:00","twitter_card":"summary_large_image","twitter_misc":{"Dur\u00e9e de lecture estim\u00e9e":"4 minutes"},"schema":{"@context":"https:\/\/schema.org","@graph":[{"@type":"WebPage","@id":"https:\/\/www.acadianseaplants.com\/fr\/hana-tsunomata\/","url":"https:\/\/www.acadianseaplants.com\/fr\/hana-tsunomata\/","name":"Hana Tsunomata\u00ae Edible Seaweed | Seaweed Food Products","isPartOf":{"@id":"https:\/\/www.acadianseaplants.com\/#website"},"datePublished":"2020-12-17T17:11:05+00:00","dateModified":"2026-05-01T21:01:14+00:00","description":"Restaurants & food & beverage brands need vivid ingredients that catch the eye & fit their budgets. Our Hana Tsunomata\u00ae seaweed food products fit that order.","breadcrumb":{"@id":"https:\/\/www.acadianseaplants.com\/fr\/hana-tsunomata\/#breadcrumb"},"inLanguage":"fr-FR","potentialAction":[{"@type":"ReadAction","target":["https:\/\/www.acadianseaplants.com\/fr\/hana-tsunomata\/"]}]},{"@type":"BreadcrumbList","@id":"https:\/\/www.acadianseaplants.com\/fr\/hana-tsunomata\/#breadcrumb","itemListElement":[{"@type":"ListItem","position":1,"name":"Home","item":"https:\/\/www.acadianseaplants.com\/fr\/"},{"@type":"ListItem","position":2,"name":"Hana Tsunomata\u00ae"}]},{"@type":"WebSite","@id":"https:\/\/www.acadianseaplants.com\/#website","url":"https:\/\/www.acadianseaplants.com\/","name":"Acadian Seaplants Limited","description":"Plant Products for People, Animal, and Plants","publisher":{"@id":"https:\/\/www.acadianseaplants.com\/#organization"},"potentialAction":[{"@type":"SearchAction","target":{"@type":"EntryPoint","urlTemplate":"https:\/\/www.acadianseaplants.com\/?s={search_term_string}"},"query-input":{"@type":"PropertyValueSpecification","valueRequired":true,"valueName":"search_term_string"}}],"inLanguage":"fr-FR"},{"@type":"Organization","@id":"https:\/\/www.acadianseaplants.com\/#organization","name":"Acadian Seaplants","url":"https:\/\/www.acadianseaplants.com\/","logo":{"@type":"ImageObject","inLanguage":"fr-FR","@id":"https:\/\/www.acadianseaplants.com\/#\/schema\/logo\/image\/","url":"https:\/\/www.acadianseaplants.com\/wp-content\/uploads\/2020\/05\/Acadian-Seaplants-Logo.png","contentUrl":"https:\/\/www.acadianseaplants.com\/wp-content\/uploads\/2020\/05\/Acadian-Seaplants-Logo.png","width":466,"height":130,"caption":"Acadian Seaplants"},"image":{"@id":"https:\/\/www.acadianseaplants.com\/#\/schema\/logo\/image\/"}}]}},"_links":{"self":[{"href":"https:\/\/www.acadianseaplants.com\/fr\/wp-json\/wp\/v2\/pages\/677","targetHints":{"allow":["GET"]}}],"collection":[{"href":"https:\/\/www.acadianseaplants.com\/fr\/wp-json\/wp\/v2\/pages"}],"about":[{"href":"https:\/\/www.acadianseaplants.com\/fr\/wp-json\/wp\/v2\/types\/page"}],"author":[{"embeddable":true,"href":"https:\/\/www.acadianseaplants.com\/fr\/wp-json\/wp\/v2\/users\/2"}],"replies":[{"embeddable":true,"href":"https:\/\/www.acadianseaplants.com\/fr\/wp-json\/wp\/v2\/comments?post=677"}],"version-history":[{"count":0,"href":"https:\/\/www.acadianseaplants.com\/fr\/wp-json\/wp\/v2\/pages\/677\/revisions"}],"wp:attachment":[{"href":"https:\/\/www.acadianseaplants.com\/fr\/wp-json\/wp\/v2\/media?parent=677"}],"curies":[{"name":"wp","href":"https:\/\/api.w.org\/{rel}","templated":true}]}}